{"id":591,"date":"2020-11-17T17:19:01","date_gmt":"2020-11-17T17:19:01","guid":{"rendered":"http:\/\/hulwat.ibg-net.cz\/callpro\/?page_id=591"},"modified":"2023-08-07T11:13:42","modified_gmt":"2023-08-07T11:13:42","slug":"prihlaseni-k-vasemu-uctu","status":"publish","type":"page","link":"https:\/\/www.callpro.cz\/?page_id=591","title":{"rendered":"Z\u00e1kaznick\u00fd port\u00e1l"},"content":{"rendered":"\n<p><\/p>\n\n\n\n<p>Uveden\u00e9 u\u017eivatelsk\u00e9 jm\u00e9no a heslo je sou\u010d\u00e1st\u00ed informac\u00ed, kter\u00e9 V\u00e1m za\u0161leme spolu s Va\u0161\u00ed novou SIM kartou.<\/p>\n\n\n\n<p><strong>Zapomn\u011bli jste heslo?<\/strong><\/p>\n\n\n\n<p>Obra\u0165te se pros\u00edm na na\u0161i podporu na e-mailu:&nbsp;<strong><a href=\"mailto:podpora@callpro.cz\">podpora@callpro.cz<\/a><\/strong>&nbsp;&nbsp;nebo na infolinku&nbsp;&nbsp;<strong>4488<\/strong><\/p>\n\n\n\n<div class=\"wp-block-buttons is-content-justification-left is-layout-flex wp-block-buttons-is-layout-flex\">\n<div class=\"wp-block-button is-style-outline is-style-outline--1\"><a class=\"wp-block-button__link has-vivid-cyan-blue-color has-white-background-color has-text-color has-background\" href=\"https:\/\/zakaznik.ibg-net.cz\" style=\"border-radius:13px\" target=\"_blank\" rel=\"noreferrer noopener\">P\u0159ihl\u00e1sit<\/a><\/div>\n<\/div>\n\n\n\n<p><\/p>\n","protected":false},"excerpt":{"rendered":"<p>Uveden\u00e9 u\u017eivatelsk\u00e9 jm\u00e9no a heslo je sou\u010d\u00e1st\u00ed informac\u00ed, kter\u00e9 V\u00e1m za\u0161leme spolu s Va\u0161\u00ed novou SIM kartou. Zapomn\u011bli jste heslo? Obra\u0165te se pros\u00edm na na\u0161i podporu na e-mailu:&nbsp;podpora@callpro.cz&nbsp;&nbsp;nebo na infolinku&nbsp;&nbsp;4488<\/p>\n","protected":false},"author":1,"featured_media":0,"parent":0,"menu_order":0,"comment_status":"closed","ping_status":"closed","template":"","meta":{"footnotes":""},"class_list":["post-591","page","type-page","status-publish","hentry"],"yoast_head":"<!-- This site is optimized with the Yoast SEO plugin v16.2 - https:\/\/yoast.com\/wordpress\/plugins\/seo\/ -->\n<title>Z\u00e1kaznick\u00fd port\u00e1l - CallPro<\/title>\n<meta name=\"description\" content=\"P\u0159ihl\u00e1\u0161en\u00ed k z\u00e1kaznick\u00e9mu \u00fa\u010dtu CallPro\" \/>\n<meta name=\"robots\" content=\"index, follow, max-snippet:-1, max-image-preview:large, max-video-preview:-1\" \/>\n<link rel=\"canonical\" href=\"https:\/\/www.callpro.cz\/?page_id=591\" \/>\n<meta property=\"og:locale\" content=\"cs_CZ\" \/>\n<meta property=\"og:type\" content=\"article\" \/>\n<meta property=\"og:title\" content=\"Z\u00e1kaznick\u00fd port\u00e1l - CallPro\" \/>\n<meta property=\"og:description\" content=\"P\u0159ihl\u00e1\u0161en\u00ed k z\u00e1kaznick\u00e9mu \u00fa\u010dtu CallPro\" \/>\n<meta property=\"og:url\" content=\"https:\/\/www.callpro.cz\/?page_id=591\" \/>\n<meta property=\"og:site_name\" content=\"CallPro\" \/>\n<meta property=\"article:modified_time\" content=\"2023-08-07T11:13:42+00:00\" \/>\n<meta name=\"twitter:card\" content=\"summary_large_image\" \/>\n<meta name=\"twitter:label1\" content=\"Odhadovan\u00e1 doba \u010dten\u00ed\">\n\t<meta name=\"twitter:data1\" content=\"1 minuta\">\n<script type=\"application\/ld+json\" class=\"yoast-schema-graph\">{\"@context\":\"https:\/\/schema.org\",\"@graph\":[{\"@type\":\"WebSite\",\"@id\":\"https:\/\/www.callpro.cz\/#website\",\"url\":\"https:\/\/www.callpro.cz\/\",\"name\":\"CallPro\",\"description\":\"CallPro virtu\\u00e1ln\\u00ed mobiln\\u00ed oper\\u00e1tor\",\"potentialAction\":[{\"@type\":\"SearchAction\",\"target\":\"https:\/\/www.callpro.cz\/?s={search_term_string}\",\"query-input\":\"required name=search_term_string\"}],\"inLanguage\":\"cs\"},{\"@type\":\"WebPage\",\"@id\":\"https:\/\/www.callpro.cz\/?page_id=591#webpage\",\"url\":\"https:\/\/www.callpro.cz\/?page_id=591\",\"name\":\"Z\\u00e1kaznick\\u00fd port\\u00e1l - CallPro\",\"isPartOf\":{\"@id\":\"https:\/\/www.callpro.cz\/#website\"},\"datePublished\":\"2020-11-17T17:19:01+00:00\",\"dateModified\":\"2023-08-07T11:13:42+00:00\",\"description\":\"P\\u0159ihl\\u00e1\\u0161en\\u00ed k z\\u00e1kaznick\\u00e9mu \\u00fa\\u010dtu CallPro\",\"breadcrumb\":{\"@id\":\"https:\/\/www.callpro.cz\/?page_id=591#breadcrumb\"},\"inLanguage\":\"cs\",\"potentialAction\":[{\"@type\":\"ReadAction\",\"target\":[\"https:\/\/www.callpro.cz\/?page_id=591\"]}]},{\"@type\":\"BreadcrumbList\",\"@id\":\"https:\/\/www.callpro.cz\/?page_id=591#breadcrumb\",\"itemListElement\":[{\"@type\":\"ListItem\",\"position\":1,\"item\":{\"@type\":\"WebPage\",\"@id\":\"https:\/\/www.callpro.cz\/\",\"url\":\"https:\/\/www.callpro.cz\/\",\"name\":\"Dom\\u016f\"}},{\"@type\":\"ListItem\",\"position\":2,\"item\":{\"@id\":\"https:\/\/www.callpro.cz\/?page_id=591#webpage\"}}]}]}<\/script>\n<!-- \/ Yoast SEO plugin. -->","_links":{"self":[{"href":"https:\/\/www.callpro.cz\/index.php?rest_route=\/wp\/v2\/pages\/591","targetHints":{"allow":["GET"]}}],"collection":[{"href":"https:\/\/www.callpro.cz\/index.php?rest_route=\/wp\/v2\/pages"}],"about":[{"href":"https:\/\/www.callpro.cz\/index.php?rest_route=\/wp\/v2\/types\/page"}],"author":[{"embeddable":true,"href":"https:\/\/www.callpro.cz\/index.php?rest_route=\/wp\/v2\/users\/1"}],"replies":[{"embeddable":true,"href":"https:\/\/www.callpro.cz\/index.php?rest_route=%2Fwp%2Fv2%2Fcomments&post=591"}],"version-history":[{"count":3,"href":"https:\/\/www.callpro.cz\/index.php?rest_route=\/wp\/v2\/pages\/591\/revisions"}],"predecessor-version":[{"id":826,"href":"https:\/\/www.callpro.cz\/index.php?rest_route=\/wp\/v2\/pages\/591\/revisions\/826"}],"wp:attachment":[{"href":"https:\/\/www.callpro.cz\/index.php?rest_route=%2Fwp%2Fv2%2Fmedia&parent=591"}],"curies":[{"name":"wp","href":"https:\/\/api.w.org\/{rel}","templated":true}]}}