{"id":569,"date":"2020-11-17T11:15:05","date_gmt":"2020-11-17T11:15:05","guid":{"rendered":"http:\/\/hulwat.ibg-net.cz\/callpro\/?page_id=569"},"modified":"2024-09-27T09:59:56","modified_gmt":"2024-09-27T09:59:56","slug":"kontakt","status":"publish","type":"page","link":"https:\/\/www.callpro.cz\/?page_id=569","title":{"rendered":"Kontakt"},"content":{"rendered":"\n<div class=\"wp-block-columns is-layout-flex wp-container-core-columns-is-layout-1 wp-block-columns-is-layout-flex\">\n<div class=\"wp-block-column is-layout-flow wp-block-column-is-layout-flow\">\n<h3 class=\"wp-block-heading\">Provozovatel slu\u017eby CallPro<\/h3>\n\n\n\n<p><strong><a rel=\"noreferrer noopener\" href=\"https:\/\/www.ibg-net.cz\/\" target=\"_blank\">IBG-NET<\/a><\/strong> <a rel=\"noreferrer noopener\" href=\"https:\/\/www.ibg-net.cz\/\" target=\"_blank\"><\/a><a rel=\"noreferrer noopener\" href=\"https:\/\/www.ibg-net.cz\/\" target=\"_blank\"><strong>s.r.o.<\/strong>&nbsp;<\/a>&nbsp;Cyrila a Metod\u011bje 66, 441 01Podbo\u0159any&nbsp;, I\u010c: 28728548<br>tel. 474 770 600, fax: 474 770 602,&nbsp;e-mail:&nbsp;<a href=\"mailto:info@callpro.cz\">info@callpro.cz<\/a><\/p>\n\n\n\n<div style=\"height:40px\" aria-hidden=\"true\" class=\"wp-block-spacer\"><\/div>\n\n\n\n<p><strong>Kontakty:<\/strong><\/p>\n\n\n\n<figure class=\"wp-block-table\"><table><tbody><tr><td><strong>Obchodn\u00ed odd\u011blen\u00ed<\/strong><\/td><td>tel. 474 770 601<br>tel: 772 722 222<\/td><td>e-mail: &nbsp;&nbsp;<a href=\"mailto:info@callpro.cz\">info@callpro.cz<\/a><\/td><\/tr><tr><td><strong>Technick\u00e1 podpora &nbsp;&nbsp;<\/strong><\/td><td>tel. 474 770 603 &nbsp;&nbsp;<\/td><td>e-mail: &nbsp;&nbsp;<a href=\"mailto:podpora@callpro.cz\">podpora@callpro.cz<\/a><\/td><\/tr><tr><td><strong>Fakturace a platby<\/strong><\/td><td>tel. 474 770 600<\/td><td>e-mail: &nbsp;&nbsp;<a href=\"mailto:platby@callpro.cz\">platby@callpro.cz<\/a><\/td><\/tr><\/tbody><\/table><\/figure>\n\n\n\n<div style=\"height:40px\" aria-hidden=\"true\" class=\"wp-block-spacer\"><\/div>\n\n\n\n<p id=\"block-55d544f5-8b05-489c-87b9-cf6cbdc1a010\"><strong>Soubory ke sta\u017een\u00ed:<\/strong><\/p>\n\n\n\n<p id=\"block-290a4afa-7d8f-49a4-be0d-4cc919c2b796\"><a href=\"https:\/\/www.callpro.cz\/?attachment_id=874\" target=\"_blank\" rel=\"noreferrer noopener\">V\u0161eobecn\u00e9 obchodn\u00ed podm\u00ednky spole\u010dnosti IBG-NET s.r.o.<\/a><\/p>\n\n\n\n<p id=\"block-b3ca0ee7-57ce-4fb0-9889-19d20b19a4b1\"><a href=\"https:\/\/www.callpro.cz\/?attachment_id=836\" target=\"_blank\" rel=\"noreferrer noopener\">Podm\u00ednky slu\u017eby p\u0159enositelnost telefonn\u00edch \u010d\u00edsel.<\/a>  (<a href=\"https:\/\/www.callpro.cz\/?attachment_id=835\">form\u00e1t rtf<\/a>)<\/p>\n\n\n\n<p id=\"block-d59b01ce-4f71-4268-a679-3bb08a67b85e\"><a href=\"https:\/\/www.callpro.cz\/?attachment_id=832\" target=\"_blank\" rel=\"noreferrer noopener\">Cen\u00edk slu\u017eeb GSM.<\/a><\/p>\n\n\n\n<p id=\"block-f2653a42-66ec-483e-b033-522a66935f96\"><a href=\"https:\/\/www.ibg-net.cz\/?attachment_id=139\" target=\"_blank\" rel=\"noreferrer noopener\">Typy rozhran\u00ed telekomunika\u010dn\u00ed s\u00edt\u011b IBG-NET s.r.o.<\/a><\/p>\n<\/div>\n\n\n\n<div class=\"wp-block-column is-layout-flow wp-block-column-is-layout-flow\">\n<figure class=\"wp-block-image size-large is-style-default\"><a href=\"https:\/\/mapy.cz\/#!x=13.411811&amp;y=50.229712&amp;z=16&amp;t=s&amp;q=cyrila%2520a%2520metod%25C4%259Bje%252066&amp;qp=10.912084_47.948682_20.046379_51.504825_6\" target=\"_blank\" rel=\"noopener noreferrer\"><img loading=\"lazy\" decoding=\"async\" width=\"627\" height=\"498\" src=\"https:\/\/www.callpro.cz\/wp-content\/uploads\/2020\/11\/mapa_kontakt.jpg\" alt=\"\" class=\"wp-image-573\" srcset=\"https:\/\/www.callpro.cz\/wp-content\/uploads\/2020\/11\/mapa_kontakt.jpg 627w, https:\/\/www.callpro.cz\/wp-content\/uploads\/2020\/11\/mapa_kontakt-300x238.jpg 300w\" sizes=\"auto, (max-width: 627px) 100vw, 627px\" \/><\/a><\/figure>\n<\/div>\n<\/div>\n\n\n\n<p><\/p>\n\n\n\n<h2 class=\"wp-block-heading\"><\/h2>\n","protected":false},"excerpt":{"rendered":"<p>Provozovatel slu\u017eby CallPro IBG-NET s.r.o.&nbsp;&nbsp;Cyrila a Metod\u011bje 66, 441 01Podbo\u0159any&nbsp;, I\u010c: 28728548tel. 474 770 600, fax: 474 770 602,&nbsp;e-mail:&nbsp;info@callpro.cz Kontakty: Obchodn\u00ed odd\u011blen\u00ed tel. 474 770 601tel: 772 722 222 e-mail: &nbsp;&nbsp;info@callpro.cz Technick\u00e1 podpora &nbsp;&nbsp; tel. 474 770 603 &nbsp;&nbsp; e-mail: &nbsp;&nbsp;podpora@callpro.cz Fakturace a platby tel. 474 770 600 e-mail: &nbsp;&nbsp;platby@callpro.cz Soubory ke sta\u017een\u00ed: V\u0161eobecn\u00e9 obchodn\u00ed &#8230; <a title=\"Kontakt\" class=\"read-more\" href=\"https:\/\/www.callpro.cz\/?page_id=569\" aria-label=\"More on Kontakt\">Read more<\/a><\/p>\n","protected":false},"author":1,"featured_media":0,"parent":0,"menu_order":0,"comment_status":"closed","ping_status":"closed","template":"","meta":{"footnotes":""},"class_list":["post-569","page","type-page","status-publish","hentry"],"yoast_head":"<!-- This site is optimized with the Yoast SEO plugin v16.2 - https:\/\/yoast.com\/wordpress\/plugins\/seo\/ -->\n<title>Kontakt - CallPro %<\/title>\n<meta name=\"description\" content=\"Kontakt\" \/>\n<meta name=\"robots\" content=\"index, follow, max-snippet:-1, max-image-preview:large, max-video-preview:-1\" \/>\n<link rel=\"canonical\" href=\"https:\/\/www.callpro.cz\/?page_id=569\" \/>\n<meta property=\"og:locale\" content=\"cs_CZ\" \/>\n<meta property=\"og:type\" content=\"article\" \/>\n<meta property=\"og:title\" content=\"Kontakt - CallPro %\" \/>\n<meta property=\"og:description\" content=\"Kontakt\" \/>\n<meta property=\"og:url\" content=\"https:\/\/www.callpro.cz\/?page_id=569\" \/>\n<meta property=\"og:site_name\" content=\"CallPro\" \/>\n<meta property=\"article:modified_time\" content=\"2024-09-27T09:59:56+00:00\" \/>\n<meta property=\"og:image\" content=\"https:\/\/www.callpro.cz\/wp-content\/uploads\/2020\/11\/mapa_kontakt.jpg\" \/>\n<meta name=\"twitter:card\" content=\"summary_large_image\" \/>\n<meta name=\"twitter:label1\" content=\"Odhadovan\u00e1 doba \u010dten\u00ed\">\n\t<meta name=\"twitter:data1\" content=\"1 minuta\">\n<script type=\"application\/ld+json\" class=\"yoast-schema-graph\">{\"@context\":\"https:\/\/schema.org\",\"@graph\":[{\"@type\":\"WebSite\",\"@id\":\"https:\/\/www.callpro.cz\/#website\",\"url\":\"https:\/\/www.callpro.cz\/\",\"name\":\"CallPro\",\"description\":\"CallPro virtu\\u00e1ln\\u00ed mobiln\\u00ed oper\\u00e1tor\",\"potentialAction\":[{\"@type\":\"SearchAction\",\"target\":\"https:\/\/www.callpro.cz\/?s={search_term_string}\",\"query-input\":\"required name=search_term_string\"}],\"inLanguage\":\"cs\"},{\"@type\":\"ImageObject\",\"@id\":\"https:\/\/www.callpro.cz\/?page_id=569#primaryimage\",\"inLanguage\":\"cs\",\"url\":\"https:\/\/www.callpro.cz\/wp-content\/uploads\/2020\/11\/mapa_kontakt.jpg\",\"contentUrl\":\"https:\/\/www.callpro.cz\/wp-content\/uploads\/2020\/11\/mapa_kontakt.jpg\",\"width\":627,\"height\":498},{\"@type\":\"WebPage\",\"@id\":\"https:\/\/www.callpro.cz\/?page_id=569#webpage\",\"url\":\"https:\/\/www.callpro.cz\/?page_id=569\",\"name\":\"Kontakt - CallPro %\",\"isPartOf\":{\"@id\":\"https:\/\/www.callpro.cz\/#website\"},\"primaryImageOfPage\":{\"@id\":\"https:\/\/www.callpro.cz\/?page_id=569#primaryimage\"},\"datePublished\":\"2020-11-17T11:15:05+00:00\",\"dateModified\":\"2024-09-27T09:59:56+00:00\",\"description\":\"Kontakt\",\"breadcrumb\":{\"@id\":\"https:\/\/www.callpro.cz\/?page_id=569#breadcrumb\"},\"inLanguage\":\"cs\",\"potentialAction\":[{\"@type\":\"ReadAction\",\"target\":[\"https:\/\/www.callpro.cz\/?page_id=569\"]}]},{\"@type\":\"BreadcrumbList\",\"@id\":\"https:\/\/www.callpro.cz\/?page_id=569#breadcrumb\",\"itemListElement\":[{\"@type\":\"ListItem\",\"position\":1,\"item\":{\"@type\":\"WebPage\",\"@id\":\"https:\/\/www.callpro.cz\/\",\"url\":\"https:\/\/www.callpro.cz\/\",\"name\":\"Dom\\u016f\"}},{\"@type\":\"ListItem\",\"position\":2,\"item\":{\"@id\":\"https:\/\/www.callpro.cz\/?page_id=569#webpage\"}}]}]}<\/script>\n<!-- \/ Yoast SEO plugin. -->","_links":{"self":[{"href":"https:\/\/www.callpro.cz\/index.php?rest_route=\/wp\/v2\/pages\/569","targetHints":{"allow":["GET"]}}],"collection":[{"href":"https:\/\/www.callpro.cz\/index.php?rest_route=\/wp\/v2\/pages"}],"about":[{"href":"https:\/\/www.callpro.cz\/index.php?rest_route=\/wp\/v2\/types\/page"}],"author":[{"embeddable":true,"href":"https:\/\/www.callpro.cz\/index.php?rest_route=\/wp\/v2\/users\/1"}],"replies":[{"embeddable":true,"href":"https:\/\/www.callpro.cz\/index.php?rest_route=%2Fwp%2Fv2%2Fcomments&post=569"}],"version-history":[{"count":25,"href":"https:\/\/www.callpro.cz\/index.php?rest_route=\/wp\/v2\/pages\/569\/revisions"}],"predecessor-version":[{"id":875,"href":"https:\/\/www.callpro.cz\/index.php?rest_route=\/wp\/v2\/pages\/569\/revisions\/875"}],"wp:attachment":[{"href":"https:\/\/www.callpro.cz\/index.php?rest_route=%2Fwp%2Fv2%2Fmedia&parent=569"}],"curies":[{"name":"wp","href":"https:\/\/api.w.org\/{rel}","templated":true}]}}