{"id":565,"date":"2020-11-17T10:55:22","date_gmt":"2020-11-17T10:55:22","guid":{"rendered":"http:\/\/hulwat.ibg-net.cz\/callpro\/?page_id=565"},"modified":"2020-11-26T16:39:26","modified_gmt":"2020-11-26T16:39:26","slug":"objednavka-sluzby-callpro-xdsl","status":"publish","type":"page","link":"https:\/\/www.callpro.cz\/?page_id=565","title":{"rendered":"Objedn\u00e1vka slu\u017eby CallPro xDSL"},"content":{"rendered":"\n<p>D\u011bkujeme, \u017ee jste se rozhodl (rozhodla) pro objedn\u00e1vku na\u0161ich slu\u017eeb.<\/p>\n\n\n\n<p>V\u0161echny objedn\u00e1vky jsou vy\u0159\u00edzeny do 24 hodin (tzn. do 24 hodin je zad\u00e1na realizace). V p\u0159\u00edpad\u011b z\u0159\u00edzen\u00ed p\u0159\u00edpojky V\u00e1s do 3 pracovn\u00edch dn\u016f kontaktuje technik k prom\u011b\u0159en\u00ed p\u0159\u00edpadn\u011b zaveden\u00ed Va\u0161\u00ed xDSL linky. Jakmile bude linka p\u0159ipravena, obratem zas\u00edl\u00e1me po\u0161tou p\u0159edkonfigurovan\u00fd modem, p\u0159\u00edpadn\u011b p\u0159ihla\u0161ovac\u00ed pokyny pro konfiguraci Va\u0161eho st\u00e1vaj\u00edc\u00edho modemu.&nbsp;<strong>&nbsp;Z\u00e1silka obsahuje modem (pokud je objedn\u00e1n) pokyny k zapojen\u00ed a p\u0159ihla\u0161ovac\u00ed \u00fadaje k Va\u0161emu \u00fa\u010dtu. Celkov\u00e1 cena z\u00e1silky je slo\u017eena z ceny instalace + jistiny jednoho m\u011bs\u00ed\u010dn\u00edho pau\u0161\u00e1lu.&nbsp;<\/strong>Z\u00e1kazn\u00edk, kter\u00fd tedy objedn\u00e1 8Mbps internet +&nbsp; modem ASUS zaplat\u00ed 690 + 399, tedy 1089,- K\u010d.Jistina je z\u00e1kazn\u00edkovi vr\u00e1cena po \u0159\u00e1dn\u00e9m ukon\u010den\u00ed poskytov\u00e1n\u00ed slu\u017eby.<\/p>\n\n\n\n<p>V p\u0159\u00edpad\u011b dotaz\u016f se pros\u00edm obra\u0165te na telefonn\u00ed \u010d\u00edslo:&nbsp;<strong>474 770 601<\/strong>,&nbsp;<strong>772 722 222<\/strong>&nbsp;nebo na e-mail:&nbsp;<a href=\"mailto:objednavka@callpro.cz\">objednavka@callpro.cz<\/a>.<\/p>\n\n\n\n<div style=\"height:40px\" aria-hidden=\"true\" class=\"wp-block-spacer\"><\/div>\n\n\n\n<h3 class=\"has-white-color has-vivid-cyan-blue-background-color has-text-color has-background wp-block-heading\"><strong>Objedn\u00e1vka slu\u017eby CallPro<\/strong><\/h3>\n\n\n<div class=\"caldera-grid\" id=\"caldera_form_1\" data-cf-ver=\"1.9.4\" data-cf-form-id=\"CF5fb3ad74ea351\"><div id=\"caldera_notices_1\" data-spinner=\"https:\/\/www.callpro.cz\/wp-admin\/images\/spinner.gif\"><\/div><form data-instance=\"1\" class=\"CF5fb3ad74ea351 caldera_forms_form cfajax-trigger\" method=\"POST\" enctype=\"multipart\/form-data\" id=\"CF5fb3ad74ea351_1\" data-form-id=\"CF5fb3ad74ea351\" aria-label=\"internet\" data-target=\"#caldera_notices_1\" data-template=\"#cfajax_CF5fb3ad74ea351-tmpl\" data-cfajax=\"CF5fb3ad74ea351\" data-load-element=\"_parent\" data-load-class=\"cf_processing\" data-post-disable=\"1\" data-action=\"cf_process_ajax_submit\" data-request=\"https:\/\/www.callpro.cz\/?cf_api=CF5fb3ad74ea351\" data-hiderows=\"true\">\r\n<input type=\"hidden\" id=\"_cf_verify_CF5fb3ad74ea351\" name=\"_cf_verify\" value=\"8a844019e8\"  data-nonce-time=\"1776428698\" \/><input type=\"hidden\" name=\"_wp_http_referer\" value=\"\/index.php?rest_route=%2Fwp%2Fv2%2Fpages%2F565\" \/><div id=\"cf2-CF5fb3ad74ea351_1\"><\/div><input type=\"hidden\" name=\"_cf_frm_id\" value=\"CF5fb3ad74ea351\">\r\n<input type=\"hidden\" name=\"_cf_frm_ct\" value=\"1\">\r\n<input type=\"hidden\" name=\"cfajax\" value=\"CF5fb3ad74ea351\">\r\n<input type=\"hidden\" name=\"_cf_cr_pst\" value=\"565\">\r\n<div class=\"hide\" style=\"display:none; overflow:hidden;height:0;width:0;\">\r\n<label>Phone<\/label><input type=\"text\" name=\"phone\" value=\"\" autocomplete=\"off\">\r\n<\/div><div id=\"CF5fb3ad74ea351_1-row-1\"  class=\"row  first_row\"><div  class=\"col-sm-3  first_col\"><div data-field-wrapper=\"fld_185917\" class=\"form-group\" id=\"fld_185917_1-wrap\">\r\n\t<label id=\"fld_185917Label\" for=\"fld_185917_1\" class=\"control-label\">Jm\u00e9no <span aria-hidden=\"true\" role=\"presentation\" class=\"field_required\" style=\"color:#ee0000;\">*<\/span><\/label>\r\n\t<div class=\"\">\r\n\t\t<input   required type=\"text\" data-field=\"fld_185917\" class=\" form-control\" id=\"fld_185917_1\" name=\"fld_185917\" value=\"\" data-type=\"text\" aria-required=\"true\"   aria-labelledby=\"fld_185917Label\" >\t\t\t<\/div>\r\n<\/div>\r\n<div data-field-wrapper=\"fld_6892512\" class=\"form-group\" id=\"fld_6892512_1-wrap\">\r\n\t<label id=\"fld_6892512Label\" for=\"fld_6892512_1\" class=\"control-label\">P\u0159\u00edjmen\u00ed <span aria-hidden=\"true\" role=\"presentation\" class=\"field_required\" style=\"color:#ee0000;\">*<\/span><\/label>\r\n\t<div class=\"\">\r\n\t\t<input   required type=\"text\" data-field=\"fld_6892512\" class=\" form-control\" id=\"fld_6892512_1\" name=\"fld_6892512\" value=\"\" data-type=\"text\" aria-required=\"true\"   aria-labelledby=\"fld_6892512Label\" >\t\t\t<\/div>\r\n<\/div>\r\n<div data-field-wrapper=\"fld_5231730\" class=\"form-group\" id=\"fld_5231730_1-wrap\">\r\n\t<label id=\"fld_5231730Label\" for=\"fld_5231730_1\" class=\"control-label\">Ulice<\/label>\r\n\t<div class=\"\">\r\n\t\t<input    type=\"text\" data-field=\"fld_5231730\" class=\" form-control\" id=\"fld_5231730_1\" name=\"fld_5231730\" value=\"\" data-type=\"text\"   aria-labelledby=\"fld_5231730Label\" >\t\t\t<\/div>\r\n<\/div>\r\n<div data-field-wrapper=\"fld_2157279\" class=\"form-group\" id=\"fld_2157279_1-wrap\">\r\n\t<label id=\"fld_2157279Label\" for=\"fld_2157279_1\" class=\"control-label\">\u010c\u00edslo popisn\u00e9 <span aria-hidden=\"true\" role=\"presentation\" class=\"field_required\" style=\"color:#ee0000;\">*<\/span><\/label>\r\n\t<div class=\"\">\r\n\t\t<input   required type=\"text\" data-field=\"fld_2157279\" class=\" form-control\" id=\"fld_2157279_1\" name=\"fld_2157279\" value=\"\" data-type=\"text\" aria-required=\"true\"   aria-labelledby=\"fld_2157279Label\" >\t\t\t<\/div>\r\n<\/div>\r\n<div data-field-wrapper=\"fld_103339\" class=\"form-group\" id=\"fld_103339_1-wrap\">\r\n\t<label id=\"fld_103339Label\" for=\"fld_103339_1\" class=\"control-label\">M\u011bsto <span aria-hidden=\"true\" role=\"presentation\" class=\"field_required\" style=\"color:#ee0000;\">*<\/span><\/label>\r\n\t<div class=\"\">\r\n\t\t<input   required type=\"text\" data-field=\"fld_103339\" class=\" form-control\" id=\"fld_103339_1\" name=\"fld_103339\" value=\"\" data-type=\"text\" aria-required=\"true\"   aria-labelledby=\"fld_103339Label\" >\t\t\t<\/div>\r\n<\/div>\r\n<div data-field-wrapper=\"fld_9039320\" class=\"form-group\" id=\"fld_9039320_1-wrap\">\r\n\t<label id=\"fld_9039320Label\" for=\"fld_9039320_1\" class=\"control-label\">PS\u010c <span aria-hidden=\"true\" role=\"presentation\" class=\"field_required\" style=\"color:#ee0000;\">*<\/span><\/label>\r\n\t<div class=\"\">\r\n\t\t<input   required type=\"text\" data-field=\"fld_9039320\" class=\" form-control\" id=\"fld_9039320_1\" name=\"fld_9039320\" value=\"\" data-type=\"text\" aria-required=\"true\"   aria-labelledby=\"fld_9039320Label\" >\t\t\t<\/div>\r\n<\/div>\r\n<div data-field-wrapper=\"fld_6472799\" class=\"form-group\" id=\"fld_6472799_1-wrap\">\r\n\t<label id=\"fld_6472799Label\" for=\"fld_6472799_1\" class=\"control-label\">Telefon<\/label>\r\n\t<div class=\"\">\r\n\t\t<input  data-inputmask=\"'mask': '999 999 999'\"   type=\"phone\" data-field=\"fld_6472799\" class=\" form-control\" id=\"fld_6472799_1\" name=\"fld_6472799\" value=\"\" data-type=\"phone\"   aria-labelledby=\"fld_6472799Label\" >\t\t\t<\/div>\r\n<\/div>\r\n<div data-field-wrapper=\"fld_6711780\" class=\"form-group\" id=\"fld_6711780_1-wrap\">\r\n\t<label id=\"fld_6711780Label\" for=\"fld_6711780_1\" class=\"control-label\">E-mail <span aria-hidden=\"true\" role=\"presentation\" class=\"field_required\" style=\"color:#ee0000;\">*<\/span><\/label>\r\n\t<div class=\"\">\r\n\t\t<input   required type=\"email\" data-field=\"fld_6711780\" class=\" form-control\" id=\"fld_6711780_1\" name=\"fld_6711780\" value=\"\" data-type=\"email\" aria-required=\"true\"   aria-labelledby=\"fld_6711780Label\" >\t\t\t<\/div>\r\n<\/div>\r\n<\/div><div  class=\"col-sm-3 \"><\/div><div  class=\"col-sm-6  last_col\"><\/div><\/div><div id=\"CF5fb3ad74ea351_1-row-2\"  class=\"row \"><div  class=\"col-sm-12  single\"><hr id=\"fld_8230541_1\" class=\"\" style=\"width: 100%\" \/><div data-field-wrapper=\"fld_9638474\" class=\"form-group\" id=\"fld_9638474_1-wrap\">\r\n<label id=\"fld_9638474Label\" for=\"fld_9638474_1\" class=\"control-label\">Tarif <span aria-hidden=\"true\" role=\"presentation\" class=\"field_required\" style=\"color:#ee0000;\">*<\/span><\/label>\r\n<div class=\"\">\r\n\t\t\t\t\t<div class=\"radio\">\n\t\t\t\t<label data-label=\"CallPro xDSL 20Mbps 449,- K\u010d s DPH\" for=\"fld_9638474_1_opt1991444\"><input type=\"radio\" id=\"fld_9638474_1_opt1991444\" data-field=\"fld_9638474\" class=\"fld_9638474_1 option-required\" name=\"fld_9638474\" value=\"CallPro xDSL 20Mbps 449,- K\u010d s DPH\"   required=\"required\" data-radio-field=\"fld_9638474_1\" data-type=\"radio\" data-calc-value=\"CallPro xDSL 20Mbps 449,- K\u010d s DPH\" \/>\n\t\t\tCallPro xDSL 20Mbps 449,- K\u010d s DPH\t\t<\/label>\n\t\t\t\t\t<\/div>\n\t\t\t\t\t\t\t\t\t<div class=\"radio\">\n\t\t\t\t<label data-label=\"CallPro xDSL 50Mbps 499,- K\u010d s DPH\" for=\"fld_9638474_1_opt1146474\"><input type=\"radio\" id=\"fld_9638474_1_opt1146474\" data-field=\"fld_9638474\" class=\"fld_9638474_1 option-required\" name=\"fld_9638474\" value=\"CallPro xDSL 50Mbps 499,- K\u010d s DPH\"   required=\"required\" data-radio-field=\"fld_9638474_1\" data-type=\"radio\" data-calc-value=\"CallPro xDSL 50Mbps 499,- K\u010d s DPH\" \/>\n\t\t\tCallPro xDSL 50Mbps 499,- K\u010d s DPH\t\t<\/label>\n\t\t\t\t\t<\/div>\n\t\t\t\t\t\t\t\t\t<div class=\"radio\">\n\t\t\t\t<label data-label=\"CallPro xDSL 100Mbps 569,- K\u010d s DPH\" for=\"fld_9638474_1_opt2072006\"><input type=\"radio\" id=\"fld_9638474_1_opt2072006\" data-field=\"fld_9638474\" class=\"fld_9638474_1 option-required\" name=\"fld_9638474\" value=\"CallPro xDSL 100Mbps 569,- K\u010d s DPH\"   required=\"required\" data-radio-field=\"fld_9638474_1\" data-type=\"radio\" data-calc-value=\"CallPro xDSL 100Mbps 569,- K\u010d s DPH\" \/>\n\t\t\tCallPro xDSL 100Mbps 569,- K\u010d s DPH\t\t<\/label>\n\t\t\t\t\t<\/div>\n\t\t\t\t<\/div>\r\n<\/div>\r\n<div data-field-wrapper=\"fld_2254781\" class=\"form-group\" id=\"fld_2254781_1-wrap\">\r\n<label id=\"fld_2254781Label\" for=\"fld_2254781_1\" class=\"control-label\">Instala\u010dn\u00ed n\u00e1klady a modem <span aria-hidden=\"true\" role=\"presentation\" class=\"field_required\" style=\"color:#ee0000;\">*<\/span><\/label>\r\n<div class=\"\">\r\n\t\t\t\t\t<div class=\"radio\">\n\t\t\t\t<label data-label=\"M\u00e1m vlastn\u00ed modem, instalace 1,- K\u010d\" for=\"fld_2254781_1_opt1726194\"><input type=\"radio\" id=\"fld_2254781_1_opt1726194\" data-field=\"fld_2254781\" class=\"fld_2254781_1 option-required\" name=\"fld_2254781\" value=\"M\u00e1m vlastn\u00ed modem, instalace 1,- K\u010d\" checked=\"checked\"  required=\"required\" data-radio-field=\"fld_2254781_1\" data-type=\"radio\" data-calc-value=\"M\u00e1m vlastn\u00ed modem, instalace 1,- K\u010d\" \/>\n\t\t\tM\u00e1m vlastn\u00ed modem, instalace 1,- K\u010d\t\t<\/label>\n\t\t\t\t\t<\/div>\n\t\t\t\t\t\t\t\t\t<div class=\"radio\">\n\t\t\t\t<label data-label=\"modem ASUS max. rychlost 16Mbps 690,- K\u010d s DPH\" for=\"fld_2254781_1_opt1839829\"><input type=\"radio\" id=\"fld_2254781_1_opt1839829\" data-field=\"fld_2254781\" class=\"fld_2254781_1 option-required\" name=\"fld_2254781\" value=\"modem ASUS max. rychlost 16Mbps 690,- K\u010d s DPH\"   required=\"required\" data-radio-field=\"fld_2254781_1\" data-type=\"radio\" data-calc-value=\"modem ASUS max. rychlost 16Mbps 690,- K\u010d s DPH\" \/>\n\t\t\tmodem ASUS max. rychlost 16Mbps 690,- K\u010d s DPH\t\t<\/label>\n\t\t\t\t\t<\/div>\n\t\t\t\t\t\t\t\t\t<div class=\"radio\">\n\t\t\t\t<label data-label=\"modem ZYXEL max. rychlost 100Mbps 1290,- K\u010d s DPH\" for=\"fld_2254781_1_opt1245117\"><input type=\"radio\" id=\"fld_2254781_1_opt1245117\" data-field=\"fld_2254781\" class=\"fld_2254781_1 option-required\" name=\"fld_2254781\" value=\"modem ZYXEL max. rychlost 100Mbps 1290,- K\u010d s DPH\"   required=\"required\" data-radio-field=\"fld_2254781_1\" data-type=\"radio\" data-calc-value=\"modem ZYXEL max. rychlost 100Mbps 1290,- K\u010d s DPH\" \/>\n\t\t\tmodem ZYXEL max. rychlost 100Mbps 1290,- K\u010d s DPH\t\t<\/label>\n\t\t\t\t\t<\/div>\n\t\t\t\t<\/div>\r\n<\/div>\r\n<hr id=\"fld_6631699_1\" class=\"\" style=\"width: 100%\" \/><\/div><\/div><div id=\"CF5fb3ad74ea351_1-row-3\"  class=\"row \"><div  class=\"col-sm-12  single\"><div data-field-wrapper=\"fld_659477\" class=\"form-group\" id=\"fld_659477_1-wrap\">\r\n<label id=\"fld_659477Label\" for=\"fld_659477_1\" class=\"control-label\">Prozrad\u00edte n\u00e1m, jak jste se o n\u00e1s dozv\u011bd\u011bl(a)?<\/label>\r\n<div class=\"\">\r\n\t\t\t\t\t<div class=\"radio\">\n\t\t\t\t<label data-label=\"Z m\u00e9di\u00ed (r\u00e1dio, televize, tisk)\" for=\"fld_659477_1_opt1513669\"><input type=\"radio\" id=\"fld_659477_1_opt1513669\" data-field=\"fld_659477\" class=\"fld_659477_1\" name=\"fld_659477\" value=\"Z m\u00e9di\u00ed (r\u00e1dio, televize, tisk)\"    data-radio-field=\"fld_659477_1\" data-type=\"radio\" data-calc-value=\"Z m\u00e9di\u00ed (r\u00e1dio, televize, tisk)\" \/>\n\t\t\tZ m\u00e9di\u00ed (r\u00e1dio, televize, tisk)\t\t<\/label>\n\t\t\t\t\t<\/div>\n\t\t\t\t\t\t\t\t\t<div class=\"radio\">\n\t\t\t\t<label data-label=\"Internet\" for=\"fld_659477_1_opt1515787\"><input type=\"radio\" id=\"fld_659477_1_opt1515787\" data-field=\"fld_659477\" class=\"fld_659477_1\" name=\"fld_659477\" value=\"Internet\"    data-radio-field=\"fld_659477_1\" data-type=\"radio\" data-calc-value=\"Internet\" \/>\n\t\t\tInternet\t\t<\/label>\n\t\t\t\t\t<\/div>\n\t\t\t\t\t\t\t\t\t<div class=\"radio\">\n\t\t\t\t<label data-label=\"Osobn\u00ed doporu\u010den\u00ed\" for=\"fld_659477_1_opt1192592\"><input type=\"radio\" id=\"fld_659477_1_opt1192592\" data-field=\"fld_659477\" class=\"fld_659477_1\" name=\"fld_659477\" value=\"Osobn\u00ed doporu\u010den\u00ed\"    data-radio-field=\"fld_659477_1\" data-type=\"radio\" data-calc-value=\"Osobn\u00ed doporu\u010den\u00ed\" \/>\n\t\t\tOsobn\u00ed doporu\u010den\u00ed\t\t<\/label>\n\t\t\t\t\t<\/div>\n\t\t\t\t<\/div>\r\n<\/div>\r\n<hr id=\"fld_1998130_1\" class=\"\" style=\"width: 100%\" \/><div class=\"\"><p>Obchodn\u00ed podm\u00ednky k p\u0159e\u010dten\u00ed <a href=\"https:\/\/www.ibg-net.cz\/?attachment_id=138\">zde<\/a>.<\/p>\n<\/div><div data-field-wrapper=\"fld_1913459\" class=\"form-group\" id=\"fld_1913459_1-wrap\">\r\n\t<label id=\"fld_1913459Label\" for=\"fld_1913459_1\" class=\"control-label screen-reader-text sr-only\">Souhlas s obchodn\u00edmi podm\u00ednkami<\/label>\r\n\t<div class=\"\">\r\n\t\t\t\t\t\t\t\t\t\t\t<div class=\"checkbox\">\n\t\t\t\t\n                <label                         for=\"fld_1913459_1_opt1794466\"\n                >\n                            <input\n                                data-parsley-required=\"true\" data-parsley-group=\"fld_1913459_1\" data-parsley-multiple=\"fld_1913459_1\"                                type=\"checkbox\"\n                                data-label=\"  Souhlas\u00edm s obchodn\u00edmi podm\u00ednkami spole\u010dnosti IBG-NET s. r. o. (provozovatel s\u00edt\u011b CallPro).\"\n                                data-field=\"fld_1913459\"\n                                id=\"fld_1913459_1_opt1794466\"\n                                class=\"fld_1913459_1 option-required\"\n                                name=\"fld_1913459[opt1794466]\"\n                                value=\"  Souhlas\u00edm s obchodn\u00edmi podm\u00ednkami spole\u010dnosti IBG-NET s. r. o. (provozovatel s\u00edt\u011b CallPro).\"\n                                                                data-type=\"checkbox\"\n                                data-checkbox-field=\"fld_1913459_1\"\n                                                                data-calc-value=\"  Souhlas\u00edm s obchodn\u00edmi podm\u00ednkami spole\u010dnosti IBG-NET s. r. o. (provozovatel s\u00edt\u011b CallPro).\"\n                            >\n                      Souhlas\u00edm s obchodn\u00edmi podm\u00ednkami spole\u010dnosti IBG-NET s. r. o. (provozovatel s\u00edt\u011b CallPro).                <\/label>\n\n                \t\t\t\t\t<\/div>\n\t\t\t\t\t\t\t\t\t\t\t<\/div>\r\n<\/div>\r\n<\/div><\/div><div id=\"CF5fb3ad74ea351_1-row-4\"  class=\"row \"><div  class=\"col-sm-12  single\"><div data-field-wrapper=\"fld_4089741\" class=\"form-group\" id=\"fld_4089741_1-wrap\">\r\n\t<label id=\"fld_4089741Label\" for=\"fld_4089741_1\" class=\"control-label\">Pozn\u00e1mka<\/label>\r\n\t<div class=\"\">\r\n\t\t<textarea name=\"fld_4089741\" value=\"\" data-field=\"fld_4089741\" class=\"form-control\" id=\"fld_4089741_1\" rows=\"4\"    aria-labelledby=\"fld_4089741Label\" aria-describedby=\"fld_4089741Caption\" ><\/textarea>\n\t\t<span id=\"fld_4089741Caption\" class=\"help-block\">Zde m\u016f\u017eete uv\u00e9st Va\u0161e p\u0159ipom\u00ednky. V p\u0159\u00edpad\u011b objedn\u00e1vky na firmu zde uve\u010fte faktura\u010dn\u00ed \u00fadaje. <\/span>\r\n\t<\/div>\r\n<\/div>\r\n<div data-field-wrapper=\"fld_7167496\" class=\"form-group\" id=\"fld_7167496_1-wrap\">\r\n<div class=\"\">\r\n\t<input  class=\"wp-block-button is-style-outline\" type=\"submit\" name=\"fld_7167496\" id=\"fld_7167496_1\" value=\"Odeslat\" data-field=\"fld_7167496\"  >\n<\/div>\r\n<\/div>\r\n\t<input class=\"button_trigger_1\" type=\"hidden\" name=\"fld_7167496\" id=\"fld_7167496_1_btn\" value=\"\" data-field=\"fld_7167496\"  \/>\n<\/div><\/div><div id=\"CF5fb3ad74ea351_1-row-5\"  class=\"row \"><div  class=\"col-sm-12  single\"><div data-field-wrapper=\"fld_4132283\" class=\"form-group\" id=\"fld_4132283_1-wrap\">\r\n\n\n<div class=\"\">\r\n\n<input   required type=\"hidden\" data-field=\"fld_4132283\" class=\" form-control\" id=\"fld_4132283_1\" name=\"fld_4132283\" value=\"\" data-type=\"recaptcha\" aria-required=\"true\"   aria-labelledby=\"fld_4132283Label\" >\n\t<div id=\"capfld_4132283_1\"><\/div>\n\n\n<\/div>\r\n\n<\/div>\r\n<\/div><\/div><div id=\"CF5fb3ad74ea351_1-row-6\"  class=\"row  last_row\"><div  class=\"col-sm-12  single\"><\/div><\/div><\/form>\r\n<\/div>\r\n\n","protected":false},"excerpt":{"rendered":"<p>D\u011bkujeme, \u017ee jste se rozhodl (rozhodla) pro objedn\u00e1vku na\u0161ich slu\u017eeb. V\u0161echny objedn\u00e1vky jsou vy\u0159\u00edzeny do 24 hodin (tzn. do 24 hodin je zad\u00e1na realizace). V p\u0159\u00edpad\u011b z\u0159\u00edzen\u00ed p\u0159\u00edpojky V\u00e1s do 3 pracovn\u00edch dn\u016f kontaktuje technik k prom\u011b\u0159en\u00ed p\u0159\u00edpadn\u011b zaveden\u00ed Va\u0161\u00ed xDSL linky. Jakmile bude linka p\u0159ipravena, obratem zas\u00edl\u00e1me po\u0161tou p\u0159edkonfigurovan\u00fd modem, p\u0159\u00edpadn\u011b p\u0159ihla\u0161ovac\u00ed pokyny pro &#8230; <a title=\"Objedn\u00e1vka slu\u017eby CallPro xDSL\" class=\"read-more\" href=\"https:\/\/www.callpro.cz\/?page_id=565\" aria-label=\"More on Objedn\u00e1vka slu\u017eby CallPro xDSL\">Read more<\/a><\/p>\n","protected":false},"author":1,"featured_media":0,"parent":0,"menu_order":0,"comment_status":"closed","ping_status":"closed","template":"","meta":{"footnotes":""},"class_list":["post-565","page","type-page","status-publish","hentry"],"yoast_head":"<!-- This site is optimized with the Yoast SEO plugin v16.2 - https:\/\/yoast.com\/wordpress\/plugins\/seo\/ -->\n<title>Objedn\u00e1vka slu\u017eby CallPro xDSL - CallPro<\/title>\n<meta name=\"description\" content=\"Objedn\u00e1vka slu\u017eby CallPro xDSL\" \/>\n<meta name=\"robots\" content=\"index, follow, max-snippet:-1, max-image-preview:large, max-video-preview:-1\" \/>\n<link rel=\"canonical\" href=\"https:\/\/www.callpro.cz\/?page_id=565\" \/>\n<meta property=\"og:locale\" content=\"cs_CZ\" \/>\n<meta property=\"og:type\" content=\"article\" \/>\n<meta property=\"og:title\" content=\"Objedn\u00e1vka slu\u017eby CallPro xDSL - CallPro\" \/>\n<meta property=\"og:description\" content=\"Objedn\u00e1vka slu\u017eby CallPro xDSL\" \/>\n<meta property=\"og:url\" content=\"https:\/\/www.callpro.cz\/?page_id=565\" \/>\n<meta property=\"og:site_name\" content=\"CallPro\" \/>\n<meta property=\"article:modified_time\" content=\"2020-11-26T16:39:26+00:00\" \/>\n<meta name=\"twitter:card\" content=\"summary_large_image\" \/>\n<meta name=\"twitter:label1\" content=\"Odhadovan\u00e1 doba \u010dten\u00ed\">\n\t<meta name=\"twitter:data1\" content=\"1 minuta\">\n<script type=\"application\/ld+json\" class=\"yoast-schema-graph\">{\"@context\":\"https:\/\/schema.org\",\"@graph\":[{\"@type\":\"WebSite\",\"@id\":\"https:\/\/www.callpro.cz\/#website\",\"url\":\"https:\/\/www.callpro.cz\/\",\"name\":\"CallPro\",\"description\":\"CallPro virtu\\u00e1ln\\u00ed mobiln\\u00ed oper\\u00e1tor\",\"potentialAction\":[{\"@type\":\"SearchAction\",\"target\":\"https:\/\/www.callpro.cz\/?s={search_term_string}\",\"query-input\":\"required name=search_term_string\"}],\"inLanguage\":\"cs\"},{\"@type\":\"WebPage\",\"@id\":\"https:\/\/www.callpro.cz\/?page_id=565#webpage\",\"url\":\"https:\/\/www.callpro.cz\/?page_id=565\",\"name\":\"Objedn\\u00e1vka slu\\u017eby CallPro xDSL - CallPro\",\"isPartOf\":{\"@id\":\"https:\/\/www.callpro.cz\/#website\"},\"datePublished\":\"2020-11-17T10:55:22+00:00\",\"dateModified\":\"2020-11-26T16:39:26+00:00\",\"description\":\"Objedn\\u00e1vka slu\\u017eby CallPro xDSL\",\"breadcrumb\":{\"@id\":\"https:\/\/www.callpro.cz\/?page_id=565#breadcrumb\"},\"inLanguage\":\"cs\",\"potentialAction\":[{\"@type\":\"ReadAction\",\"target\":[\"https:\/\/www.callpro.cz\/?page_id=565\"]}]},{\"@type\":\"BreadcrumbList\",\"@id\":\"https:\/\/www.callpro.cz\/?page_id=565#breadcrumb\",\"itemListElement\":[{\"@type\":\"ListItem\",\"position\":1,\"item\":{\"@type\":\"WebPage\",\"@id\":\"https:\/\/www.callpro.cz\/\",\"url\":\"https:\/\/www.callpro.cz\/\",\"name\":\"Dom\\u016f\"}},{\"@type\":\"ListItem\",\"position\":2,\"item\":{\"@id\":\"https:\/\/www.callpro.cz\/?page_id=565#webpage\"}}]}]}<\/script>\n<!-- \/ Yoast SEO plugin. -->","_links":{"self":[{"href":"https:\/\/www.callpro.cz\/index.php?rest_route=\/wp\/v2\/pages\/565","targetHints":{"allow":["GET"]}}],"collection":[{"href":"https:\/\/www.callpro.cz\/index.php?rest_route=\/wp\/v2\/pages"}],"about":[{"href":"https:\/\/www.callpro.cz\/index.php?rest_route=\/wp\/v2\/types\/page"}],"author":[{"embeddable":true,"href":"https:\/\/www.callpro.cz\/index.php?rest_route=\/wp\/v2\/users\/1"}],"replies":[{"embeddable":true,"href":"https:\/\/www.callpro.cz\/index.php?rest_route=%2Fwp%2Fv2%2Fcomments&post=565"}],"version-history":[{"count":2,"href":"https:\/\/www.callpro.cz\/index.php?rest_route=\/wp\/v2\/pages\/565\/revisions"}],"predecessor-version":[{"id":568,"href":"https:\/\/www.callpro.cz\/index.php?rest_route=\/wp\/v2\/pages\/565\/revisions\/568"}],"wp:attachment":[{"href":"https:\/\/www.callpro.cz\/index.php?rest_route=%2Fwp%2Fv2%2Fmedia&parent=565"}],"curies":[{"name":"wp","href":"https:\/\/api.w.org\/{rel}","templated":true}]}}