{"id":529,"date":"2020-11-11T22:38:58","date_gmt":"2020-11-11T22:38:58","guid":{"rendered":"http:\/\/hulwat.ibg-net.cz\/callpro\/?page_id=529"},"modified":"2020-11-20T01:16:31","modified_gmt":"2020-11-20T01:16:31","slug":"televize","status":"publish","type":"page","link":"https:\/\/www.callpro.cz\/?page_id=529","title":{"rendered":"Televize (IPTV)"},"content":{"rendered":"\n<figure class=\"wp-block-video aligncenter\"><video controls src=\"https:\/\/www.callpro.cz\/wp-content\/uploads\/2020\/11\/video_SledovaniTV.mp4\"><\/video><\/figure>\n\n\n\n<div style=\"height:20px\" aria-hidden=\"true\" class=\"wp-block-spacer\"><\/div>\n\n\n\n<p><strong>Inteligentn\u00ed \u0159e\u0161en\u00ed televize pro Va\u0161i dom\u00e1cnost.<\/strong><\/p>\n\n\n\n<p>Slu\u017ebu televizn\u00edho vys\u00edl\u00e1n\u00ed prost\u0159ednictv\u00edm internetu provozujeme ve spolupr\u00e1ci se spole\u010dnost\u00ed sledovanitv s.r.o. V sou\u010dasn\u00e9 dob\u011b je mo\u017en\u00e9 sledovat t\u00e9m\u011b\u0159&nbsp; 167 program\u016f na televizi prost\u0159ednictv\u00edm Set-Top-Boxu, p\u0159\u00edmo v TV (podporuje aplikaci sledovaniTV) po\u010d\u00edta\u010di, tabletu, nebo telefonu. Slu\u017eba umo\u017e\u0148uje sledovat televizn\u00ed programy a\u017e 7 dn\u00ed zp\u011btn\u011b nebo nahr\u00e1v\u00e1n\u00ed a\u017e 50 hodin Va\u0161ich obl\u00edben\u00fdch po\u0159ad\u016f.&nbsp; Ovl\u00e1d\u00e1n\u00ed na v\u0161ech za\u0159\u00edzen\u00edch je velmi&nbsp; jednoduch\u00e9, komfortn\u00ed a intuitivn\u00ed. Nahr\u00e1vat nebo p\u0159ehr\u00e1vat po\u0159ady m\u016f\u017eete jednodu\u0161e z elektronick\u00e9ho televizn\u00edho programu.&nbsp;<\/p>\n\n\n\n<p><strong>Z\u00e1kladn\u00ed bal\u00ed\u010dek<\/strong><\/p>\n\n\n\n<div class=\"wp-block-image is-style-default\"><figure class=\"aligncenter size-full is-resized\"><img loading=\"lazy\" decoding=\"async\" src=\"https:\/\/www.callpro.cz\/wp-content\/uploads\/2020\/11\/basic.png\" alt=\"\" class=\"wp-image-536\" width=\"745\" height=\"789\" srcset=\"https:\/\/www.callpro.cz\/wp-content\/uploads\/2020\/11\/basic.png 710w, https:\/\/www.callpro.cz\/wp-content\/uploads\/2020\/11\/basic-283x300.png 283w\" sizes=\"auto, (max-width: 745px) 100vw, 745px\" \/><\/figure><\/div>\n\n\n\n<div style=\"height:20px\" aria-hidden=\"true\" class=\"wp-block-spacer\"><\/div>\n\n\n\n<p><strong>Shrnut\u00ed vlastnost\u00ed:<\/strong><\/p>\n\n\n\n<ul class=\"wp-block-list\"><li>mo\u017enost sledovat TV na televizi, tabletu, PC, notebooku nebo telefonu<\/li><li>zp\u011btn\u00e9 sledov\u00e1n\u00ed a\u017e 7 dn\u00ed<\/li><li>mo\u017enost nahr\u00e1v\u00e1n\u00ed 50 hodin z\u00e1znamu<\/li><li>nab\u00eddka a\u017e 167 program\u016f<\/li><li>p\u0159ehledn\u00fd interaktivn\u00ed elektronick\u00fd televizn\u00ed program<\/li><li>bez instala\u010dn\u00edch n\u00e1klad\u016f (po\u0159\u00edzen\u00ed Set-Top-Boxu nen\u00ed podm\u00ednkou)<\/li><\/ul>\n\n\n\n<figure class=\"wp-block-image size-large is-style-default\"><img loading=\"lazy\" decoding=\"async\" width=\"416\" height=\"263\" src=\"https:\/\/www.callpro.cz\/wp-content\/uploads\/2020\/11\/zarizeni.jpg\" alt=\"\" class=\"wp-image-542\" srcset=\"https:\/\/www.callpro.cz\/wp-content\/uploads\/2020\/11\/zarizeni.jpg 416w, https:\/\/www.callpro.cz\/wp-content\/uploads\/2020\/11\/zarizeni-300x190.jpg 300w\" sizes=\"auto, (max-width: 416px) 100vw, 416px\" \/><\/figure>\n\n\n\n<figure class=\"wp-block-table\"><table><tbody><tr><td><strong>Ceny bal\u00ed\u010dk\u016f:<\/strong><\/td><td>&nbsp;<\/td><\/tr><tr><td>Z\u00e1kladn\u00ed programov\u00e1 nab\u00eddka<\/td><td>58,- K\u010d s DPH\/m\u011bs\u00edc<\/td><\/tr><tr><td>Bal\u00ed\u010dek DOKU<\/td><td>99,- K\u010d s DPH\/m\u011bs\u00edc<\/td><\/tr><tr><td>Bal\u00ed\u010dek FilmBox<\/td><td>139,- K\u010d s DPH\/m\u011bs\u00edc<\/td><\/tr><tr><td>Bal\u00ed\u010dek HBO (HBO, HBO2, HBO comedy.)<\/td><td>225,- K\u010d s DPH\/m\u011bs\u00edc<\/td><\/tr><tr><td>Bal\u00ed\u010dek BASIC<\/td><td>349,- K\u010d s DPH\/m\u011bs\u00edc<\/td><\/tr><tr><td>Bal\u00ed\u010dek MAX<\/td><td>399,- K\u010d s DPH\/m\u011bs\u00edc<\/td><\/tr><tr><td>Bal\u00ed\u010dek MAXI<\/td><td>649,- K\u010d s DPH\/m\u011bs\u00edc<\/td><\/tr><tr><td>Bal\u00ed\u010dek Sport<\/td><td>164,- K\u010d s DPH\/m\u011bs\u00edc<\/td><\/tr><tr><td>Bal\u00ed\u010dek D\u011btsk\u00fd<\/td><td>59,- K\u010d s DPH\/m\u011bs\u00edc<\/td><\/tr><\/tbody><\/table><\/figure>\n\n\n\n<p><a href=\"https:\/\/www.ibg-net.cz\/wp-content\/uploads\/2020\/03\/tvkomplet.pdf\">Kompletn\u00ed p\u0159ehled bal\u00ed\u010dk\u016f, program\u016f a cen.<\/a><\/p>\n\n\n\n<p><strong>Set-Top box<\/strong><\/p>\n\n\n\n<figure class=\"wp-block-table\"><table><tbody><tr><td>Set-Top box (v p\u0159\u00edpad\u011b zakoupen\u00ed)<\/td><td>2190,- K\u010d s DPH<\/td><\/tr><tr><td>SmartTV 3x<\/td><td>69,- K\u010d\/m\u011bs\u00edc<\/td><\/tr><\/tbody><\/table><\/figure>\n\n\n\n<figure class=\"wp-block-image size-large is-style-default\"><img loading=\"lazy\" decoding=\"async\" width=\"345\" height=\"197\" src=\"https:\/\/www.callpro.cz\/wp-content\/uploads\/2020\/11\/sledovanitv-cz_settopbox.png\" alt=\"\" class=\"wp-image-543\" srcset=\"https:\/\/www.callpro.cz\/wp-content\/uploads\/2020\/11\/sledovanitv-cz_settopbox.png 345w, https:\/\/www.callpro.cz\/wp-content\/uploads\/2020\/11\/sledovanitv-cz_settopbox-300x171.png 300w\" sizes=\"auto, (max-width: 345px) 100vw, 345px\" \/><\/figure>\n\n\n\n<p>(Set-Top box s WiFi, USB rozhran\u00edm&nbsp; pro&nbsp; p\u0159ehr\u00e1v\u00e1n\u00ed film\u016f z USB Flash, OS Android)<\/p>\n\n\n\n<p><strong>Zv\u00fdhodn\u011bn\u00e1 nab\u00eddka pro z\u00e1kazn\u00edky s\u00edt\u011b CAllPro<\/strong><\/p>\n\n\n\n<p>Pro z\u00e1kazn\u00edky s internetov\u00fdm tarifem od 490,- K\u010d nab\u00edz\u00edme z\u00e1kladn\u00ed programovou nab\u00eddku&nbsp;<strong>ZDARMA!<\/strong>&nbsp;Pro z\u00e1kazn\u00edky s libovolnou slu\u017ebou p\u0159ipojen\u00ed k internetu a alespo\u0148 jedn\u00edm mobiln\u00edm tarifem&nbsp;<strong>CallPro 100<\/strong>&nbsp;a vy\u0161\u0161\u00edm nab\u00edz\u00edme z\u00e1kladn\u00ed programovou nab\u00eddku<strong>&nbsp;ZDARMA!&nbsp;V p\u0159\u00edpad\u011b z\u00e1jmu n\u00e1s nev\u00e1hejte kontaktovat. Aktivujeme V\u00e1m zku\u0161ebn\u00ed \u00fa\u010det na m\u011bs\u00edc k otestov\u00e1n\u00ed.<\/strong>&nbsp;Slu\u017eba je dostupn\u00e1 na v\u0161ech p\u0159\u00edpojk\u00e1ch kabelov\u00fdm rozvodem i na v\u0161ech bezdr\u00e1tov\u00fdch p\u0159\u00edpojk\u00e1ch s dostate\u010dn\u00fdm sign\u00e1lem a rychlost\u00ed alespo\u0148 2Mbps.<\/p>\n\n\n\n<p><strong>V p\u0159\u00edpad\u011b z\u00e1jmu n\u00e1s nev\u00e1hejte kontaktovat. Aktivujeme V\u00e1m zku\u0161ebn\u00ed \u00fa\u010det na m\u011bs\u00edc zdarma.<\/strong><\/p>\n\n\n\n<p><strong>Postup aktivace slu\u017eby SledovaniTV<\/strong><\/p>\n\n\n\n<p>Kliknut\u00edm na n\u00ed\u017ee uveden\u00fd odkaz budete p\u0159esm\u011brov\u00e1ni&nbsp;na web slu\u017eby, kde provedete registraci.&nbsp;<strong>Registrac\u00ed se k ni\u010demu nezavazujete<\/strong>. Z\u00edsk\u00e1te \u00fa\u010det z\u00e1kladn\u00ed nab\u00eddky TV program\u016f k vyzkou\u0161en\u00ed na jeden m\u011bs\u00edc. Pokud v t\u00e9to lh\u016ft\u011b neprovedete objedn\u00e1vku slu\u017eby (telefonicky nebo emailem) bude slu\u017eba automaticky pozastavena.<\/p>\n\n\n\n<p><a rel=\"noreferrer noopener\" href=\"http:\/\/www.sledovanitv.cz\/\" target=\"_blank\"><strong>Aktivovat slu\u017ebu SledovaniTV<\/strong><\/a><\/p>\n\n\n\n<figure class=\"wp-block-image size-large is-style-default\"><img loading=\"lazy\" decoding=\"async\" width=\"560\" height=\"315\" src=\"https:\/\/www.callpro.cz\/wp-content\/uploads\/2020\/11\/sledovanitv.cz_pruvodce.jpg\" alt=\"\" class=\"wp-image-544\" srcset=\"https:\/\/www.callpro.cz\/wp-content\/uploads\/2020\/11\/sledovanitv.cz_pruvodce.jpg 560w, https:\/\/www.callpro.cz\/wp-content\/uploads\/2020\/11\/sledovanitv.cz_pruvodce-300x169.jpg 300w\" sizes=\"auto, (max-width: 560px) 100vw, 560px\" \/><\/figure>\n\n\n\n<p>Provozovatelem Slu\u017eby je sledovanitv.cz s.r.o. U vod\u00e1rny 3032\/2a, 616 00 Brno, I\u010cO: 0167901<\/p>\n","protected":false},"excerpt":{"rendered":"<p>Inteligentn\u00ed \u0159e\u0161en\u00ed televize pro Va\u0161i dom\u00e1cnost. Slu\u017ebu televizn\u00edho vys\u00edl\u00e1n\u00ed prost\u0159ednictv\u00edm internetu provozujeme ve spolupr\u00e1ci se spole\u010dnost\u00ed sledovanitv s.r.o. V sou\u010dasn\u00e9 dob\u011b je mo\u017en\u00e9 sledovat t\u00e9m\u011b\u0159&nbsp; 167 program\u016f na televizi prost\u0159ednictv\u00edm Set-Top-Boxu, p\u0159\u00edmo v TV (podporuje aplikaci sledovaniTV) po\u010d\u00edta\u010di, tabletu, nebo telefonu. Slu\u017eba umo\u017e\u0148uje sledovat televizn\u00ed programy a\u017e 7 dn\u00ed zp\u011btn\u011b nebo nahr\u00e1v\u00e1n\u00ed a\u017e 50 hodin &#8230; <a title=\"Televize (IPTV)\" class=\"read-more\" href=\"https:\/\/www.callpro.cz\/?page_id=529\" aria-label=\"More on Televize (IPTV)\">Read more<\/a><\/p>\n","protected":false},"author":1,"featured_media":0,"parent":0,"menu_order":0,"comment_status":"closed","ping_status":"closed","template":"","meta":{"footnotes":""},"class_list":["post-529","page","type-page","status-publish","hentry"],"yoast_head":"<!-- This site is optimized with the Yoast SEO plugin v16.2 - https:\/\/yoast.com\/wordpress\/plugins\/seo\/ -->\n<title>Televize (IPTV) - CallPro<\/title>\n<meta name=\"description\" content=\"Televize (IPTV) CallPro\" \/>\n<meta name=\"robots\" content=\"index, follow, max-snippet:-1, max-image-preview:large, max-video-preview:-1\" \/>\n<link rel=\"canonical\" href=\"https:\/\/www.callpro.cz\/?page_id=529\" \/>\n<meta property=\"og:locale\" content=\"cs_CZ\" \/>\n<meta property=\"og:type\" content=\"article\" \/>\n<meta property=\"og:title\" content=\"Televize (IPTV) - CallPro\" \/>\n<meta property=\"og:description\" content=\"Televize (IPTV) CallPro\" \/>\n<meta property=\"og:url\" content=\"https:\/\/www.callpro.cz\/?page_id=529\" \/>\n<meta property=\"og:site_name\" content=\"CallPro\" \/>\n<meta property=\"article:modified_time\" content=\"2020-11-20T01:16:31+00:00\" \/>\n<meta property=\"og:image\" content=\"https:\/\/www.callpro.cz\/wp-content\/uploads\/2020\/11\/basic.png\" \/>\n<meta name=\"twitter:card\" content=\"summary_large_image\" \/>\n<meta name=\"twitter:label1\" content=\"Odhadovan\u00e1 doba \u010dten\u00ed\">\n\t<meta name=\"twitter:data1\" content=\"3 minuty\">\n<script type=\"application\/ld+json\" class=\"yoast-schema-graph\">{\"@context\":\"https:\/\/schema.org\",\"@graph\":[{\"@type\":\"WebSite\",\"@id\":\"https:\/\/www.callpro.cz\/#website\",\"url\":\"https:\/\/www.callpro.cz\/\",\"name\":\"CallPro\",\"description\":\"CallPro virtu\\u00e1ln\\u00ed mobiln\\u00ed oper\\u00e1tor\",\"potentialAction\":[{\"@type\":\"SearchAction\",\"target\":\"https:\/\/www.callpro.cz\/?s={search_term_string}\",\"query-input\":\"required name=search_term_string\"}],\"inLanguage\":\"cs\"},{\"@type\":\"ImageObject\",\"@id\":\"https:\/\/www.callpro.cz\/?page_id=529#primaryimage\",\"inLanguage\":\"cs\",\"url\":\"https:\/\/www.callpro.cz\/wp-content\/uploads\/2020\/11\/basic.png\",\"contentUrl\":\"https:\/\/www.callpro.cz\/wp-content\/uploads\/2020\/11\/basic.png\",\"width\":710,\"height\":752},{\"@type\":\"WebPage\",\"@id\":\"https:\/\/www.callpro.cz\/?page_id=529#webpage\",\"url\":\"https:\/\/www.callpro.cz\/?page_id=529\",\"name\":\"Televize (IPTV) - CallPro\",\"isPartOf\":{\"@id\":\"https:\/\/www.callpro.cz\/#website\"},\"primaryImageOfPage\":{\"@id\":\"https:\/\/www.callpro.cz\/?page_id=529#primaryimage\"},\"datePublished\":\"2020-11-11T22:38:58+00:00\",\"dateModified\":\"2020-11-20T01:16:31+00:00\",\"description\":\"Televize (IPTV) CallPro\",\"breadcrumb\":{\"@id\":\"https:\/\/www.callpro.cz\/?page_id=529#breadcrumb\"},\"inLanguage\":\"cs\",\"potentialAction\":[{\"@type\":\"ReadAction\",\"target\":[\"https:\/\/www.callpro.cz\/?page_id=529\"]}]},{\"@type\":\"BreadcrumbList\",\"@id\":\"https:\/\/www.callpro.cz\/?page_id=529#breadcrumb\",\"itemListElement\":[{\"@type\":\"ListItem\",\"position\":1,\"item\":{\"@type\":\"WebPage\",\"@id\":\"https:\/\/www.callpro.cz\/\",\"url\":\"https:\/\/www.callpro.cz\/\",\"name\":\"Dom\\u016f\"}},{\"@type\":\"ListItem\",\"position\":2,\"item\":{\"@id\":\"https:\/\/www.callpro.cz\/?page_id=529#webpage\"}}]}]}<\/script>\n<!-- \/ Yoast SEO plugin. -->","_links":{"self":[{"href":"https:\/\/www.callpro.cz\/index.php?rest_route=\/wp\/v2\/pages\/529","targetHints":{"allow":["GET"]}}],"collection":[{"href":"https:\/\/www.callpro.cz\/index.php?rest_route=\/wp\/v2\/pages"}],"about":[{"href":"https:\/\/www.callpro.cz\/index.php?rest_route=\/wp\/v2\/types\/page"}],"author":[{"embeddable":true,"href":"https:\/\/www.callpro.cz\/index.php?rest_route=\/wp\/v2\/users\/1"}],"replies":[{"embeddable":true,"href":"https:\/\/www.callpro.cz\/index.php?rest_route=%2Fwp%2Fv2%2Fcomments&post=529"}],"version-history":[{"count":16,"href":"https:\/\/www.callpro.cz\/index.php?rest_route=\/wp\/v2\/pages\/529\/revisions"}],"predecessor-version":[{"id":651,"href":"https:\/\/www.callpro.cz\/index.php?rest_route=\/wp\/v2\/pages\/529\/revisions\/651"}],"wp:attachment":[{"href":"https:\/\/www.callpro.cz\/index.php?rest_route=%2Fwp%2Fv2%2Fmedia&parent=529"}],"curies":[{"name":"wp","href":"https:\/\/api.w.org\/{rel}","templated":true}]}}