{"id":520,"date":"2020-11-11T22:17:34","date_gmt":"2020-11-11T22:17:34","guid":{"rendered":"http:\/\/hulwat.ibg-net.cz\/callpro\/?page_id=520"},"modified":"2020-11-26T16:44:06","modified_gmt":"2020-11-26T16:44:06","slug":"pripojeni-k-internetu-xdsl","status":"publish","type":"page","link":"https:\/\/www.callpro.cz\/?page_id=520","title":{"rendered":"P\u0159ipojen\u00ed k internetu xDSL"},"content":{"rendered":"\n<p><strong>P\u0159ipojen\u00ed k internetu je dostupn\u00e9 v 99% dom\u00e1cnost\u00ed, firem i kancel\u00e1\u0159\u00ed po cel\u00e9 \u010cR<\/strong>. Dostupnost xDSL p\u0159\u00edpojek a maxim\u00e1ln\u00ed dosa\u017eiteln\u00e9 rychlosti lze prov\u011b\u0159it obratem telefonicky, emailem nebo pou\u017eit\u00edm n\u00ed\u017ee uveden\u00e9ho odkazu (zde sta\u010d\u00ed zadat adresu a zobraz\u00ed se dostupnost slu\u017eeb).&nbsp; Stejn\u011b jako u mobiln\u00edch slu\u017eeb&nbsp;<strong>nesvazujeme z\u00e1kazn\u00edky dlouhodob\u00fdmi smlouvami<\/strong>. Objedn\u00e1te slu\u017ebu, zaplat\u00edte jistinu ve v\u00fd\u0161i jednoho pau\u0161\u00e1lu a zapoj\u00edte router.&nbsp;<strong>Jednodu\u0161e rychle bez smlouvy<\/strong>.<\/p>\n\n\n\n<div style=\"height:40px\" aria-hidden=\"true\" class=\"wp-block-spacer\"><\/div>\n\n\n\n<div class=\"wp-block-columns is-layout-flex wp-container-core-columns-is-layout-1 wp-block-columns-is-layout-flex\">\n<div class=\"wp-block-column is-layout-flow wp-block-column-is-layout-flow\">\n<figure class=\"wp-block-table\"><table class=\"has-subtle-light-gray-background-color has-background\"><tbody><tr><td><strong>Instala\u010dn\u00ed n\u00e1klady:<\/strong><\/td><td>&nbsp;<\/td><\/tr><tr><td>Aktivace ADSL\/VDSL p\u0159\u00edpojky:<\/td><td>&nbsp; 1,- K\u010d s DPH<\/td><\/tr><tr><td>ADSL modem ASUS s WiFi &nbsp;<\/td><td>690,- K\u010d s DPH<\/td><\/tr><tr><td>VDSL modem Comtrend s WiFi&nbsp;<\/td><td>1290,- K\u010d s DPH<\/td><\/tr><tr><td><strong>Cen\u00edk ADSL\/VDSL&nbsp;<\/strong>(m\u011bs\u00ed\u010dn\u00ed pau\u0161\u00e1ly)<\/td><td>&nbsp;<\/td><\/tr><tr><td>ADSL 8Mbps*<\/td><td>409,- K\u010d s DPH<\/td><\/tr><tr><td>VDSL 20Mbps*<\/td><td>449,- K\u010d s DPH<\/td><\/tr><tr><td>VDSL2 50Mbps**<\/td><td>499,- K\u010d s DPH<\/td><\/tr><tr><td>VDSL2 100Mbps**<\/td><td>569,- K\u010d s DPH<\/td><\/tr><tr><td><strong><em>* &#8211; Z\u00e1kladn\u00ed bal\u00ed\u010dek TV k dispozici za 58,- K\u010d s DPH<\/em><\/strong><\/td><td>&nbsp;<\/td><\/tr><tr><td><strong><em>** &#8211; Z\u00e1kladn\u00ed bal\u00ed\u010dek TV k dispozici zdarma<\/em><\/strong><\/td><td>&nbsp;<\/td><\/tr><\/tbody><\/table><\/figure>\n<\/div>\n\n\n\n<div class=\"wp-block-column is-layout-flow wp-block-column-is-layout-flow\">\n<figure class=\"wp-block-image size-large is-style-default\"><a href=\"https:\/\/www.callpro.cz\/wp-content\/uploads\/2020\/11\/mapa_cr.jpg\"><img loading=\"lazy\" decoding=\"async\" width=\"1024\" height=\"630\" src=\"https:\/\/www.callpro.cz\/wp-content\/uploads\/2020\/11\/mapa_cr-1024x630.jpg\" alt=\"\" class=\"wp-image-521\" srcset=\"https:\/\/www.callpro.cz\/wp-content\/uploads\/2020\/11\/mapa_cr-1024x630.jpg 1024w, https:\/\/www.callpro.cz\/wp-content\/uploads\/2020\/11\/mapa_cr-300x184.jpg 300w, https:\/\/www.callpro.cz\/wp-content\/uploads\/2020\/11\/mapa_cr-768x472.jpg 768w, https:\/\/www.callpro.cz\/wp-content\/uploads\/2020\/11\/mapa_cr.jpg 1246w\" sizes=\"auto, (max-width: 1024px) 100vw, 1024px\" \/><\/a><figcaption>Mapa pokryt\u00ed<\/figcaption><\/figure>\n<\/div>\n<\/div>\n\n\n\n<p><a href=\"https:\/\/www.callpro.cz\/dostupnost.php\">Zde si m\u016f\u017eete ov\u011b\u0159it dostupnost slu\u017eby na Va\u0161\u00ed adrese.<\/a><\/p>\n\n\n\n<p><strong>V p\u0159\u00edpad\u011b objedn\u00e1n\u00ed slu\u017eby a n\u00e1sledn\u00e9 storno objedn\u00e1vky (ze strany objedn\u00e1vaj\u00edc\u00edho), bude \u00fa\u010dtov\u00e1n storno poplatek ve v\u00fd\u0161i&nbsp;1258 K\u010d s DPH.<\/strong><\/p>\n","protected":false},"excerpt":{"rendered":"<p>Mapa pokryt\u00ed<\/p>\n","protected":false},"author":1,"featured_media":0,"parent":0,"menu_order":0,"comment_status":"closed","ping_status":"closed","template":"","meta":{"footnotes":""},"class_list":["post-520","page","type-page","status-publish","hentry"],"yoast_head":"<!-- This site is optimized with the Yoast SEO plugin v16.2 - https:\/\/yoast.com\/wordpress\/plugins\/seo\/ -->\n<title>P\u0159ipojen\u00ed k internetu xDSL - CallPro<\/title>\n<meta name=\"description\" content=\"P\u0159ipojen\u00ed k Internetu CallPro xDSL\" \/>\n<meta name=\"robots\" content=\"index, follow, max-snippet:-1, max-image-preview:large, max-video-preview:-1\" \/>\n<link rel=\"canonical\" href=\"https:\/\/www.callpro.cz\/?page_id=520\" \/>\n<meta property=\"og:locale\" content=\"cs_CZ\" \/>\n<meta property=\"og:type\" content=\"article\" \/>\n<meta property=\"og:title\" content=\"P\u0159ipojen\u00ed k internetu xDSL - CallPro\" \/>\n<meta property=\"og:description\" content=\"P\u0159ipojen\u00ed k Internetu CallPro xDSL\" \/>\n<meta property=\"og:url\" content=\"https:\/\/www.callpro.cz\/?page_id=520\" \/>\n<meta property=\"og:site_name\" content=\"CallPro\" \/>\n<meta property=\"article:modified_time\" content=\"2020-11-26T16:44:06+00:00\" \/>\n<meta property=\"og:image\" content=\"https:\/\/www.callpro.cz\/wp-content\/uploads\/2020\/11\/mapa_cr-1024x630.jpg\" \/>\n<meta name=\"twitter:card\" content=\"summary_large_image\" \/>\n<meta name=\"twitter:label1\" content=\"Odhadovan\u00e1 doba \u010dten\u00ed\">\n\t<meta name=\"twitter:data1\" content=\"1 minuta\">\n<script type=\"application\/ld+json\" class=\"yoast-schema-graph\">{\"@context\":\"https:\/\/schema.org\",\"@graph\":[{\"@type\":\"WebSite\",\"@id\":\"https:\/\/www.callpro.cz\/#website\",\"url\":\"https:\/\/www.callpro.cz\/\",\"name\":\"CallPro\",\"description\":\"CallPro virtu\\u00e1ln\\u00ed mobiln\\u00ed oper\\u00e1tor\",\"potentialAction\":[{\"@type\":\"SearchAction\",\"target\":\"https:\/\/www.callpro.cz\/?s={search_term_string}\",\"query-input\":\"required name=search_term_string\"}],\"inLanguage\":\"cs\"},{\"@type\":\"ImageObject\",\"@id\":\"https:\/\/www.callpro.cz\/?page_id=520#primaryimage\",\"inLanguage\":\"cs\",\"url\":\"https:\/\/www.callpro.cz\/wp-content\/uploads\/2020\/11\/mapa_cr.jpg\",\"contentUrl\":\"https:\/\/www.callpro.cz\/wp-content\/uploads\/2020\/11\/mapa_cr.jpg\",\"width\":1246,\"height\":766},{\"@type\":\"WebPage\",\"@id\":\"https:\/\/www.callpro.cz\/?page_id=520#webpage\",\"url\":\"https:\/\/www.callpro.cz\/?page_id=520\",\"name\":\"P\\u0159ipojen\\u00ed k internetu xDSL - CallPro\",\"isPartOf\":{\"@id\":\"https:\/\/www.callpro.cz\/#website\"},\"primaryImageOfPage\":{\"@id\":\"https:\/\/www.callpro.cz\/?page_id=520#primaryimage\"},\"datePublished\":\"2020-11-11T22:17:34+00:00\",\"dateModified\":\"2020-11-26T16:44:06+00:00\",\"description\":\"P\\u0159ipojen\\u00ed k Internetu CallPro xDSL\",\"breadcrumb\":{\"@id\":\"https:\/\/www.callpro.cz\/?page_id=520#breadcrumb\"},\"inLanguage\":\"cs\",\"potentialAction\":[{\"@type\":\"ReadAction\",\"target\":[\"https:\/\/www.callpro.cz\/?page_id=520\"]}]},{\"@type\":\"BreadcrumbList\",\"@id\":\"https:\/\/www.callpro.cz\/?page_id=520#breadcrumb\",\"itemListElement\":[{\"@type\":\"ListItem\",\"position\":1,\"item\":{\"@type\":\"WebPage\",\"@id\":\"https:\/\/www.callpro.cz\/\",\"url\":\"https:\/\/www.callpro.cz\/\",\"name\":\"Dom\\u016f\"}},{\"@type\":\"ListItem\",\"position\":2,\"item\":{\"@id\":\"https:\/\/www.callpro.cz\/?page_id=520#webpage\"}}]}]}<\/script>\n<!-- \/ Yoast SEO plugin. -->","_links":{"self":[{"href":"https:\/\/www.callpro.cz\/index.php?rest_route=\/wp\/v2\/pages\/520","targetHints":{"allow":["GET"]}}],"collection":[{"href":"https:\/\/www.callpro.cz\/index.php?rest_route=\/wp\/v2\/pages"}],"about":[{"href":"https:\/\/www.callpro.cz\/index.php?rest_route=\/wp\/v2\/types\/page"}],"author":[{"embeddable":true,"href":"https:\/\/www.callpro.cz\/index.php?rest_route=\/wp\/v2\/users\/1"}],"replies":[{"embeddable":true,"href":"https:\/\/www.callpro.cz\/index.php?rest_route=%2Fwp%2Fv2%2Fcomments&post=520"}],"version-history":[{"count":6,"href":"https:\/\/www.callpro.cz\/index.php?rest_route=\/wp\/v2\/pages\/520\/revisions"}],"predecessor-version":[{"id":658,"href":"https:\/\/www.callpro.cz\/index.php?rest_route=\/wp\/v2\/pages\/520\/revisions\/658"}],"wp:attachment":[{"href":"https:\/\/www.callpro.cz\/index.php?rest_route=%2Fwp%2Fv2%2Fmedia&parent=520"}],"curies":[{"name":"wp","href":"https:\/\/api.w.org\/{rel}","templated":true}]}}