{"id":384,"date":"2020-11-09T00:06:40","date_gmt":"2020-11-09T00:06:40","guid":{"rendered":"http:\/\/hulwat.ibg-net.cz\/callpro\/?page_id=384"},"modified":"2020-11-19T18:18:16","modified_gmt":"2020-11-19T18:18:16","slug":"fax-brana","status":"publish","type":"page","link":"https:\/\/www.callpro.cz\/?page_id=384","title":{"rendered":"FAX br\u00e1na"},"content":{"rendered":"\n<div class=\"wp-block-columns is-layout-flex wp-container-core-columns-is-layout-1 wp-block-columns-is-layout-flex\">\n<div class=\"wp-block-column is-layout-flow wp-block-column-is-layout-flow\">\n<div style=\"height:44px\" aria-hidden=\"true\" class=\"wp-block-spacer\"><\/div>\n\n\n\n<ul class=\"wp-block-list\" id=\"block-84e26291-2772-4ff0-8ea5-a3a4b2e287ee\"><li>Jednoduch\u00e1, efektivn\u00ed a levn\u00e1 faxov\u00e1 br\u00e1na<\/li><li>\u017d\u00e1dn\u00e1 pevn\u00e1 linka, \u017e\u00e1dn\u00fd faxov\u00fd p\u0159\u00edstroj<\/li><li>P\u0159\u00edjem fax\u016f v PDF e-mailem<\/li><li>Odes\u00edl\u00e1n\u00ed p\u0159es jednoduch\u00e9 webov\u00e9 rozhran\u00ed<\/li><li>Ro\u010dn\u00ed pau\u0161\u00e1l 400,- K\u010d bez DPH<\/li><li>K dispozici region\u00e1ln\u00ed \u010d\u00edslo faxu, nebo p\u0159evod Va\u0161eho \u010d\u00edsla<\/li><li>Mo\u017enost vyzkou\u0161en\u00ed zdarma<\/li><\/ul>\n<\/div>\n\n\n\n<div class=\"wp-block-column is-layout-flow wp-block-column-is-layout-flow\">\n<div class=\"wp-block-image is-style-default\"><figure class=\"alignright size-large is-resized\"><img loading=\"lazy\" decoding=\"async\" src=\"https:\/\/www.callpro.cz\/wp-content\/uploads\/2020\/11\/fax3.png\" alt=\"\" class=\"wp-image-399\" width=\"733\" height=\"313\"\/><\/figure><\/div>\n<\/div>\n<\/div>\n\n\n\n<p><strong>CallPro virtu\u00e1ln\u00ed fax br\u00e1na<\/strong>&nbsp;je nejjednodu\u0161\u0161\u00ed zp\u016fsob&nbsp;<strong>odes\u00edl\u00e1n\u00ed a p\u0159\u00edj\u00edm\u00e1n\u00ed fax\u016f<\/strong>&nbsp;za nejni\u017e\u0161\u00ed ceny na trhu. Jedn\u00e1 se o velice komfortn\u00ed a spolehliv\u00e9 \u0159e\u0161en\u00ed modern\u00edho faxov\u00e1n\u00ed ve Va\u0161\u00ed firm\u011b. Aktivace&nbsp;<strong>faxov\u00e9 br\u00e1ny<\/strong>&nbsp;stoj\u00ed pouze 200,- K\u010d bez DPH a do dvou dn\u016f m\u016f\u017eete za\u010d\u00edt faxovat. Ro\u010dn\u00ed n\u00e1klad na provoz je pak 400,- K\u010d bez DPH. Tato \u010d\u00e1stka je fakturov\u00e1na jednou ro\u010dn\u011b.&nbsp;<strong>P\u0159\u00edchoz\u00ed faxy<\/strong>&nbsp;jsou p\u0159ij\u00edmany e-mailem ve form\u00e1tu PDF.<strong>&nbsp;Odes\u00edl\u00e1n\u00ed fax\u016f<\/strong>&nbsp;prob\u00edh\u00e1 prost\u0159ednictv\u00edm jednoduch\u00e9ho port\u00e1lu &#8211; jedn\u00edm kliknut\u00edm my\u0161i odfaxujete V\u00e1\u0161 dokument v PDF.<\/p>\n\n\n\n<p><strong>V cen\u011b poplatk\u016f je i region\u00e1ln\u00ed telefonn\u00ed \u010d\u00edslo faxu (nap\u0159\u00edklad \u00dast\u00ed nad Labem 474 xxx xxx)<\/strong>. P\u0159evod Va\u0161eho sou\u010dasn\u00e9ho faxov\u00e9ho \u010d\u00edsla od jin\u00e9ho oper\u00e1tora je zpoplatn\u011bn \u010d\u00e1skou 990,- K\u010d bez DPH (poplatek, kter\u00fd si \u00fa\u010dtuje oper\u00e1tor, od kter\u00e9ho je \u010d\u00edslo p\u0159evedeno &#8211; nap\u0159\u00edklad O2)<\/p>\n\n\n\n<p><strong>V p\u0159\u00edpad\u011b z\u00e1jmu o virtu\u00e1ln\u00ed FAX br\u00e1nu se obra\u0165te na e-mail&nbsp;<a href=\"mailto:info@callpro.cz\">info@callpro.cz<\/a>, nebo na tel: 474 770 600<\/strong><br>Poskytneme V\u00e1m zku\u0161ebn\u00ed \u00fa\u010det zdarma!<\/p>\n\n\n\n<div style=\"height:50px\" aria-hidden=\"true\" class=\"wp-block-spacer\"><\/div>\n\n\n\n<h3 class=\"has-text-align-center wp-block-heading\">N\u00e1hled u\u017eivatelsk\u00e9ho rozhran\u00ed virtu\u00e1ln\u00edho FAXu:<\/h3>\n\n\n\n<div class=\"wp-block-image is-style-default\"><figure class=\"aligncenter size-large is-resized\"><img loading=\"lazy\" decoding=\"async\" src=\"https:\/\/www.callpro.cz\/wp-content\/uploads\/2020\/11\/fax-brana-1024x588.png\" alt=\"\" class=\"wp-image-643\" width=\"1024\" height=\"588\" srcset=\"https:\/\/www.callpro.cz\/wp-content\/uploads\/2020\/11\/fax-brana-1024x588.png 1024w, https:\/\/www.callpro.cz\/wp-content\/uploads\/2020\/11\/fax-brana-300x172.png 300w, https:\/\/www.callpro.cz\/wp-content\/uploads\/2020\/11\/fax-brana-768x441.png 768w, https:\/\/www.callpro.cz\/wp-content\/uploads\/2020\/11\/fax-brana.png 1163w\" sizes=\"auto, (max-width: 1024px) 100vw, 1024px\" \/><\/figure><\/div>\n","protected":false},"excerpt":{"rendered":"<p>Jednoduch\u00e1, efektivn\u00ed a levn\u00e1 faxov\u00e1 br\u00e1na \u017d\u00e1dn\u00e1 pevn\u00e1 linka, \u017e\u00e1dn\u00fd faxov\u00fd p\u0159\u00edstroj P\u0159\u00edjem fax\u016f v PDF e-mailem Odes\u00edl\u00e1n\u00ed p\u0159es jednoduch\u00e9 webov\u00e9 rozhran\u00ed Ro\u010dn\u00ed pau\u0161\u00e1l 400,- K\u010d bez DPH K dispozici region\u00e1ln\u00ed \u010d\u00edslo faxu, nebo p\u0159evod Va\u0161eho \u010d\u00edsla Mo\u017enost vyzkou\u0161en\u00ed zdarma CallPro virtu\u00e1ln\u00ed fax br\u00e1na&nbsp;je nejjednodu\u0161\u0161\u00ed zp\u016fsob&nbsp;odes\u00edl\u00e1n\u00ed a p\u0159\u00edj\u00edm\u00e1n\u00ed fax\u016f&nbsp;za nejni\u017e\u0161\u00ed ceny na trhu. Jedn\u00e1 se &#8230; <a title=\"FAX br\u00e1na\" class=\"read-more\" href=\"https:\/\/www.callpro.cz\/?page_id=384\" aria-label=\"More on FAX br\u00e1na\">Read more<\/a><\/p>\n","protected":false},"author":1,"featured_media":0,"parent":0,"menu_order":0,"comment_status":"closed","ping_status":"closed","template":"","meta":{"footnotes":""},"class_list":["post-384","page","type-page","status-publish","hentry"],"yoast_head":"<!-- This site is optimized with the Yoast SEO plugin v16.2 - https:\/\/yoast.com\/wordpress\/plugins\/seo\/ -->\n<title>FAX br\u00e1na - CallPro<\/title>\n<meta name=\"description\" content=\"FAX br\u00e1na - CallPro\" \/>\n<meta name=\"robots\" content=\"index, follow, max-snippet:-1, max-image-preview:large, max-video-preview:-1\" \/>\n<link rel=\"canonical\" href=\"https:\/\/www.callpro.cz\/?page_id=384\" \/>\n<meta property=\"og:locale\" content=\"cs_CZ\" \/>\n<meta property=\"og:type\" content=\"article\" \/>\n<meta property=\"og:title\" content=\"FAX br\u00e1na - CallPro\" \/>\n<meta property=\"og:description\" content=\"FAX br\u00e1na - CallPro\" \/>\n<meta property=\"og:url\" content=\"https:\/\/www.callpro.cz\/?page_id=384\" \/>\n<meta property=\"og:site_name\" content=\"CallPro\" \/>\n<meta property=\"article:modified_time\" content=\"2020-11-19T18:18:16+00:00\" \/>\n<meta property=\"og:image\" content=\"https:\/\/www.callpro.cz\/wp-content\/uploads\/2020\/11\/fax3.png\" \/>\n<meta name=\"twitter:card\" content=\"summary_large_image\" \/>\n<meta name=\"twitter:label1\" content=\"Odhadovan\u00e1 doba \u010dten\u00ed\">\n\t<meta name=\"twitter:data1\" content=\"1 minuta\">\n<script type=\"application\/ld+json\" class=\"yoast-schema-graph\">{\"@context\":\"https:\/\/schema.org\",\"@graph\":[{\"@type\":\"WebSite\",\"@id\":\"https:\/\/www.callpro.cz\/#website\",\"url\":\"https:\/\/www.callpro.cz\/\",\"name\":\"CallPro\",\"description\":\"CallPro virtu\\u00e1ln\\u00ed mobiln\\u00ed oper\\u00e1tor\",\"potentialAction\":[{\"@type\":\"SearchAction\",\"target\":\"https:\/\/www.callpro.cz\/?s={search_term_string}\",\"query-input\":\"required name=search_term_string\"}],\"inLanguage\":\"cs\"},{\"@type\":\"ImageObject\",\"@id\":\"https:\/\/www.callpro.cz\/?page_id=384#primaryimage\",\"inLanguage\":\"cs\",\"url\":\"https:\/\/www.callpro.cz\/wp-content\/uploads\/2020\/11\/fax3.png\",\"contentUrl\":\"https:\/\/www.callpro.cz\/wp-content\/uploads\/2020\/11\/fax3.png\",\"width\":609,\"height\":207},{\"@type\":\"WebPage\",\"@id\":\"https:\/\/www.callpro.cz\/?page_id=384#webpage\",\"url\":\"https:\/\/www.callpro.cz\/?page_id=384\",\"name\":\"FAX br\\u00e1na - CallPro\",\"isPartOf\":{\"@id\":\"https:\/\/www.callpro.cz\/#website\"},\"primaryImageOfPage\":{\"@id\":\"https:\/\/www.callpro.cz\/?page_id=384#primaryimage\"},\"datePublished\":\"2020-11-09T00:06:40+00:00\",\"dateModified\":\"2020-11-19T18:18:16+00:00\",\"description\":\"FAX br\\u00e1na - CallPro\",\"breadcrumb\":{\"@id\":\"https:\/\/www.callpro.cz\/?page_id=384#breadcrumb\"},\"inLanguage\":\"cs\",\"potentialAction\":[{\"@type\":\"ReadAction\",\"target\":[\"https:\/\/www.callpro.cz\/?page_id=384\"]}]},{\"@type\":\"BreadcrumbList\",\"@id\":\"https:\/\/www.callpro.cz\/?page_id=384#breadcrumb\",\"itemListElement\":[{\"@type\":\"ListItem\",\"position\":1,\"item\":{\"@type\":\"WebPage\",\"@id\":\"https:\/\/www.callpro.cz\/\",\"url\":\"https:\/\/www.callpro.cz\/\",\"name\":\"Dom\\u016f\"}},{\"@type\":\"ListItem\",\"position\":2,\"item\":{\"@id\":\"https:\/\/www.callpro.cz\/?page_id=384#webpage\"}}]}]}<\/script>\n<!-- \/ Yoast SEO plugin. -->","_links":{"self":[{"href":"https:\/\/www.callpro.cz\/index.php?rest_route=\/wp\/v2\/pages\/384","targetHints":{"allow":["GET"]}}],"collection":[{"href":"https:\/\/www.callpro.cz\/index.php?rest_route=\/wp\/v2\/pages"}],"about":[{"href":"https:\/\/www.callpro.cz\/index.php?rest_route=\/wp\/v2\/types\/page"}],"author":[{"embeddable":true,"href":"https:\/\/www.callpro.cz\/index.php?rest_route=\/wp\/v2\/users\/1"}],"replies":[{"embeddable":true,"href":"https:\/\/www.callpro.cz\/index.php?rest_route=%2Fwp%2Fv2%2Fcomments&post=384"}],"version-history":[{"count":16,"href":"https:\/\/www.callpro.cz\/index.php?rest_route=\/wp\/v2\/pages\/384\/revisions"}],"predecessor-version":[{"id":644,"href":"https:\/\/www.callpro.cz\/index.php?rest_route=\/wp\/v2\/pages\/384\/revisions\/644"}],"wp:attachment":[{"href":"https:\/\/www.callpro.cz\/index.php?rest_route=%2Fwp%2Fv2%2Fmedia&parent=384"}],"curies":[{"name":"wp","href":"https:\/\/api.w.org\/{rel}","templated":true}]}}