{"id":337,"date":"2020-11-08T17:54:16","date_gmt":"2020-11-08T17:54:16","guid":{"rendered":"http:\/\/hulwat.ibg-net.cz\/callpro\/?page_id=337"},"modified":"2020-11-09T01:02:09","modified_gmt":"2020-11-09T01:02:09","slug":"zakladni-informace","status":"publish","type":"page","link":"https:\/\/www.callpro.cz\/?page_id=337","title":{"rendered":"Z\u00e1kladn\u00ed informace"},"content":{"rendered":"\n<p><strong>CallPro pevn\u00e1 linka<\/strong>&nbsp;je slu\u017eba p\u0159enosu hlasu prost\u0159ednictv\u00edm internetov\u00e9 s\u00edt\u011b. Nebudujeme ani neprovozujeme \u017e\u00e1dnou s\u00ed\u0165 ve smyslu infrastruktury, nebo\u0165 pova\u017eujeme za zbyte\u010dn\u00e9 budovat n\u011bco, co ji\u017e existuje &#8211; t\u00e9m\u011b\u0159 ka\u017ed\u00e1 dom\u00e1cnost, firma nebo kancel\u00e1\u0159 ve vysp\u011bl\u00e9m sv\u011bt\u011b je ji\u017e propojena. K provozu na\u0161ich slu\u017eeb vyu\u017e\u00edv\u00e1me tu nejv\u011bt\u0161\u00ed, nejmoderj\u011bj\u0161\u00ed a nejrychleji se rozv\u00edjej\u00edc\u00ed s\u00ed\u0165 &#8211; internet. Vzhledem k tomu, \u017ee nemus\u00edme investovat do infrastruktury jsme schopni nab\u00eddnout n\u00edzk\u00e9 ceny.<\/p>\n\n\n\n<div style=\"height:40px\" aria-hidden=\"true\" class=\"wp-block-spacer\"><\/div>\n\n\n\n<p><strong>V\u00fdvoj a historie VoIP<\/strong><\/p>\n\n\n\n<p>Prvn\u00ed pokusy p\u0159en\u00e9st hlas prost\u0159ednictv\u00edm internetu nejsou o mnoho mlad\u0161\u00ed ne\u017e internet s\u00e1m. K v\u00fdrazn\u011bj\u0161\u00edmu rozvoji do\u0161lo a\u017e v pr\u016fb\u011bhu posledn\u00edch deseti let. V zem\u00edch s vysoce rozvinutou internetovou s\u00edt\u00ed VoIP telefony rychle nahrazuj\u00ed pevn\u00e9 telefonn\u00ed linky. Nap\u0159\u00edklad v USA p\u0159ev\u00fd\u0161il po\u010det VoIP linek po\u010det pevn\u00fdch telefonn\u00edch linek v polovin\u011b roku 2006. V \u010cesk\u00e9 republice byl rozvoj VoIP telefonie poznamen\u00e1n pomaleji se rozv\u00edjej\u00edc\u00ed internetovou s\u00edt\u00ed, tak\u017ee k v\u00fdrazn\u011bj\u0161\u00edmu roz\u0161\u00ed\u0159en\u00ed doch\u00e1z\u00ed a\u017e v sou\u010dasnosti.<\/p>\n\n\n\n<div style=\"height:40px\" aria-hidden=\"true\" class=\"wp-block-spacer\"><\/div>\n\n\n\n<p><strong>Z\u00e1kladn\u00ed vlastnosti s\u00edt\u011b CallPro<\/strong><\/p>\n\n\n\n<p><strong>M\u011bs\u00ed\u010dn\u00ed pau\u0161\u00e1l<\/strong>&nbsp;je v p\u0159\u00edpad\u011b z\u00e1kladn\u00edho tarifu 0,-K\u010d &#8211; bez dal\u0161\u00edch &#8222;f\u00edgl\u016f&#8220;, dodatk\u016f, nebo n\u011bjak\u00fdch &#8222;ale&#8220;. Slu\u017eba je v tomto p\u0159\u00edpad\u011b p\u0159edplacen\u00e1 (tzv. PrePaid). Princip je stejn\u00fd jako u p\u0159edplacen\u00fdch mobiln\u00edch karet &#8211; nabijete a vol\u00e1te.<\/p>\n\n\n\n<p><strong>Telefonn\u00ed \u010d\u00edslo<\/strong>&nbsp;si m\u016f\u017eete vybrat tzv. Geografick\u00e9 &#8211; dle \u010d\u00edseln\u00e9ho rozsahu va\u0161eho regionu, kter\u00e9 pou\u017e\u00edvaj\u00ed pevn\u00e9 linky, nebo p\u0159ev\u00e9st \u010d\u00edslo, kter\u00e9 pou\u017e\u00edv\u00e1te u va\u0161eho sou\u010dasn\u00e9ho oper\u00e1tora (a\u0165 u\u017e se jedn\u00e1 o pevnou linku nebo VoIP), p\u0159\u00edpadn\u011b m\u016f\u017eete zvolit \u010d\u00edslo, kter\u00e9 nen\u00ed v\u00e1z\u00e1no na \u017e\u00e1dn\u00fd region &#8211; jedn\u00e1 se o \u010d\u00edsla s p\u0159ed\u010d\u00edsl\u00edm 910. Bez v\u00fdslovn\u00e9ho souhlasu z\u00e1kazn\u00edka neuv\u00e1d\u00edme telefonn\u00ed \u010d\u00edsla v \u017e\u00e1dn\u00fdch seznamech, nebudete tedy obt\u011b\u017eov\u00e1ni dealery, nebo &#8222;pr\u016fzkumy&#8220;.<\/p>\n\n\n\n<p><strong>Kvalita hovoru<\/strong>&nbsp;je srovnateln\u00e1 s b\u011b\u017enou telefonn\u00ed linkou, pokud internetov\u00e9 p\u0159ipojen\u00ed spl\u0148uje z\u00e1kladn\u00ed podm\u00ednky nutn\u00e9 k provozu VoIP telefonu . Rychlost p\u0159ipojen\u00ed by m\u011bla b\u00fdt alespo\u0148 128Kbps a latence do 100ms. Drtiv\u00e1 v\u011bt\u0161ina internetov\u00fdch p\u0159\u00edpojek v\u0161ak tyto n\u00e1roky bez probl\u00e9m\u016f spl\u0148uje.<\/p>\n\n\n\n<p><strong>Smlouvy a z\u00e1vazky<\/strong>&nbsp;nejsou \u017e\u00e1dn\u00e9. M\u016f\u017eete si objednat linku, p\u0159edplatit stokorunu a nikdy ji nepou\u017e\u00edt, je to na V\u00e1s.<\/p>\n\n\n\n<p><strong>Kvalita slu\u017eeb na\u0161\u00ed s\u00edt\u011b<\/strong>&nbsp;&#8211; Na\u0161e slu\u017eby se op\u00edraj\u00ed o \u00fast\u0159ednu provozovanou a spravovanou jedn\u00edm z nejv\u011bt\u0161\u00edch oper\u00e1tor\u016f v \u010cR a o vlastn\u00ed team technik\u016f a odborn\u00edk\u016f. V oblasti telekomunikac\u00ed p\u016fsob\u00ed na\u0161e spole\u010dnost ji\u017e dvan\u00e1ct\u00fdm rokem.<\/p>\n\n\n\n<p><strong>Dal\u0161\u00ed informace<a href=\"https:\/\/www.callpro.cz\/?page_id=404\" data-type=\"page\" data-id=\"404\">&nbsp;zde<\/a><\/strong><\/p>\n","protected":false},"excerpt":{"rendered":"<p>CallPro pevn\u00e1 linka&nbsp;je slu\u017eba p\u0159enosu hlasu prost\u0159ednictv\u00edm internetov\u00e9 s\u00edt\u011b. Nebudujeme ani neprovozujeme \u017e\u00e1dnou s\u00ed\u0165 ve smyslu infrastruktury, nebo\u0165 pova\u017eujeme za zbyte\u010dn\u00e9 budovat n\u011bco, co ji\u017e existuje &#8211; t\u00e9m\u011b\u0159 ka\u017ed\u00e1 dom\u00e1cnost, firma nebo kancel\u00e1\u0159 ve vysp\u011bl\u00e9m sv\u011bt\u011b je ji\u017e propojena. K provozu na\u0161ich slu\u017eeb vyu\u017e\u00edv\u00e1me tu nejv\u011bt\u0161\u00ed, nejmoderj\u011bj\u0161\u00ed a nejrychleji se rozv\u00edjej\u00edc\u00ed s\u00ed\u0165 &#8211; internet. Vzhledem &#8230; <a title=\"Z\u00e1kladn\u00ed informace\" class=\"read-more\" href=\"https:\/\/www.callpro.cz\/?page_id=337\" aria-label=\"More on Z\u00e1kladn\u00ed informace\">Read more<\/a><\/p>\n","protected":false},"author":1,"featured_media":0,"parent":0,"menu_order":0,"comment_status":"closed","ping_status":"closed","template":"","meta":{"footnotes":""},"class_list":["post-337","page","type-page","status-publish","hentry"],"yoast_head":"<!-- This site is optimized with the Yoast SEO plugin v16.2 - https:\/\/yoast.com\/wordpress\/plugins\/seo\/ -->\n<title>Z\u00e1kladn\u00ed informace - CallPro<\/title>\n<meta name=\"robots\" content=\"index, follow, max-snippet:-1, max-image-preview:large, max-video-preview:-1\" \/>\n<link rel=\"canonical\" href=\"https:\/\/www.callpro.cz\/?page_id=337\" \/>\n<meta property=\"og:locale\" content=\"cs_CZ\" \/>\n<meta property=\"og:type\" content=\"article\" \/>\n<meta property=\"og:title\" content=\"Z\u00e1kladn\u00ed informace - CallPro\" \/>\n<meta property=\"og:description\" content=\"CallPro pevn\u00e1 linka&nbsp;je slu\u017eba p\u0159enosu hlasu prost\u0159ednictv\u00edm internetov\u00e9 s\u00edt\u011b. Nebudujeme ani neprovozujeme \u017e\u00e1dnou s\u00ed\u0165 ve smyslu infrastruktury, nebo\u0165 pova\u017eujeme za zbyte\u010dn\u00e9 budovat n\u011bco, co ji\u017e existuje &#8211; t\u00e9m\u011b\u0159 ka\u017ed\u00e1 dom\u00e1cnost, firma nebo kancel\u00e1\u0159 ve vysp\u011bl\u00e9m sv\u011bt\u011b je ji\u017e propojena. K provozu na\u0161ich slu\u017eeb vyu\u017e\u00edv\u00e1me tu nejv\u011bt\u0161\u00ed, nejmoderj\u011bj\u0161\u00ed a nejrychleji se rozv\u00edjej\u00edc\u00ed s\u00ed\u0165 &#8211; internet. Vzhledem ... Read more\" \/>\n<meta property=\"og:url\" content=\"https:\/\/www.callpro.cz\/?page_id=337\" \/>\n<meta property=\"og:site_name\" content=\"CallPro\" \/>\n<meta property=\"article:modified_time\" content=\"2020-11-09T01:02:09+00:00\" \/>\n<meta name=\"twitter:card\" content=\"summary_large_image\" \/>\n<meta name=\"twitter:label1\" content=\"Odhadovan\u00e1 doba \u010dten\u00ed\">\n\t<meta name=\"twitter:data1\" content=\"3 minuty\">\n<script type=\"application\/ld+json\" class=\"yoast-schema-graph\">{\"@context\":\"https:\/\/schema.org\",\"@graph\":[{\"@type\":\"WebSite\",\"@id\":\"https:\/\/www.callpro.cz\/#website\",\"url\":\"https:\/\/www.callpro.cz\/\",\"name\":\"CallPro\",\"description\":\"CallPro virtu\\u00e1ln\\u00ed mobiln\\u00ed oper\\u00e1tor\",\"potentialAction\":[{\"@type\":\"SearchAction\",\"target\":\"https:\/\/www.callpro.cz\/?s={search_term_string}\",\"query-input\":\"required name=search_term_string\"}],\"inLanguage\":\"cs\"},{\"@type\":\"WebPage\",\"@id\":\"https:\/\/www.callpro.cz\/?page_id=337#webpage\",\"url\":\"https:\/\/www.callpro.cz\/?page_id=337\",\"name\":\"Z\\u00e1kladn\\u00ed informace - CallPro\",\"isPartOf\":{\"@id\":\"https:\/\/www.callpro.cz\/#website\"},\"datePublished\":\"2020-11-08T17:54:16+00:00\",\"dateModified\":\"2020-11-09T01:02:09+00:00\",\"breadcrumb\":{\"@id\":\"https:\/\/www.callpro.cz\/?page_id=337#breadcrumb\"},\"inLanguage\":\"cs\",\"potentialAction\":[{\"@type\":\"ReadAction\",\"target\":[\"https:\/\/www.callpro.cz\/?page_id=337\"]}]},{\"@type\":\"BreadcrumbList\",\"@id\":\"https:\/\/www.callpro.cz\/?page_id=337#breadcrumb\",\"itemListElement\":[{\"@type\":\"ListItem\",\"position\":1,\"item\":{\"@type\":\"WebPage\",\"@id\":\"https:\/\/www.callpro.cz\/\",\"url\":\"https:\/\/www.callpro.cz\/\",\"name\":\"Dom\\u016f\"}},{\"@type\":\"ListItem\",\"position\":2,\"item\":{\"@id\":\"https:\/\/www.callpro.cz\/?page_id=337#webpage\"}}]}]}<\/script>\n<!-- \/ Yoast SEO plugin. -->","_links":{"self":[{"href":"https:\/\/www.callpro.cz\/index.php?rest_route=\/wp\/v2\/pages\/337","targetHints":{"allow":["GET"]}}],"collection":[{"href":"https:\/\/www.callpro.cz\/index.php?rest_route=\/wp\/v2\/pages"}],"about":[{"href":"https:\/\/www.callpro.cz\/index.php?rest_route=\/wp\/v2\/types\/page"}],"author":[{"embeddable":true,"href":"https:\/\/www.callpro.cz\/index.php?rest_route=\/wp\/v2\/users\/1"}],"replies":[{"embeddable":true,"href":"https:\/\/www.callpro.cz\/index.php?rest_route=%2Fwp%2Fv2%2Fcomments&post=337"}],"version-history":[{"count":7,"href":"https:\/\/www.callpro.cz\/index.php?rest_route=\/wp\/v2\/pages\/337\/revisions"}],"predecessor-version":[{"id":424,"href":"https:\/\/www.callpro.cz\/index.php?rest_route=\/wp\/v2\/pages\/337\/revisions\/424"}],"wp:attachment":[{"href":"https:\/\/www.callpro.cz\/index.php?rest_route=%2Fwp%2Fv2%2Fmedia&parent=337"}],"curies":[{"name":"wp","href":"https:\/\/api.w.org\/{rel}","templated":true}]}}