{"id":114,"date":"2020-11-02T12:59:26","date_gmt":"2020-11-02T12:59:26","guid":{"rendered":"http:\/\/hulwat.ibg-net.cz\/callpro\/?page_id=114"},"modified":"2022-04-27T12:22:05","modified_gmt":"2022-04-27T12:22:05","slug":"mobilni-tarify","status":"publish","type":"page","link":"https:\/\/www.callpro.cz\/","title":{"rendered":"Mobiln\u00ed tarify"},"content":{"rendered":"\n<div class=\"wp-block-media-text alignwide is-stacked-on-mobile\" style=\"grid-template-columns:15% auto\"><figure class=\"wp-block-media-text__media\"><img loading=\"lazy\" decoding=\"async\" width=\"387\" height=\"310\" src=\"https:\/\/www.callpro.cz\/wp-content\/uploads\/2020\/11\/Pixmac000088200588-SIM.jpg\" alt=\"\" class=\"wp-image-132 size-full\" srcset=\"https:\/\/www.callpro.cz\/wp-content\/uploads\/2020\/11\/Pixmac000088200588-SIM.jpg 387w, https:\/\/www.callpro.cz\/wp-content\/uploads\/2020\/11\/Pixmac000088200588-SIM-300x240.jpg 300w\" sizes=\"auto, (max-width: 387px) 100vw, 387px\" \/><\/figure><div class=\"wp-block-media-text__content\">\n<p><strong>NAB\u00cdDKA MOBILN\u00cdCH TARIF\u016e&nbsp;CallPro:<\/strong><br>Nemus\u00edte draze volat, abyste mohli zdarma surfovat, nemus\u00edte hodn\u011b surfovat, abyste mohli levn\u011b volat, nemus\u00edte m\u011bs\u00ed\u010dn\u011b platit 800,- abyste m\u011bli &#8222;zdarma&#8220; v\u0161e. Nemus\u00edte dva dny p\u0159em\u00fd\u0161let a po\u010d\u00edtat, co se V\u00e1m vyplat\u00ed. Nemus\u00edte podepisovat smlouvu na rok nebo na dva. Na\u0161e nab\u00eddka je prost\u00e1 &#8211; vezmeme si pen\u00edze jen za to, co skute\u010dn\u011b vyu\u017eijete&#8230;..&nbsp;<\/p>\n\n\n\n<p><strong>U n\u00e1s o svoje voln\u00e9 minuty a SMS nep\u0159ijdete, proto\u017ee V\u00e1m je p\u0159evedeme do dal\u0161\u00edho m\u011bs\u00edce!!!<\/strong><\/p>\n<\/div><\/div>\n\n\n\n<div style=\"height:40px\" aria-hidden=\"true\" class=\"wp-block-spacer\"><\/div>\n\n\n\n<div class=\"wp-block-columns is-layout-flex wp-container-core-columns-is-layout-1 wp-block-columns-is-layout-flex\">\n<div class=\"wp-block-column is-layout-flow wp-block-column-is-layout-flow\">\n<h3 class=\"has-text-align-center has-white-color has-vivid-cyan-blue-background-color has-text-color has-background wp-block-heading\"><strong>CallPro ;- )<\/strong><\/h3>\n\n\n\n<p class=\"has-text-align-center has-background\" style=\"background-color:#e4eaef\">M\u011bs\u00ed\u010dn\u00ed pau\u0161\u00e1l&nbsp;&nbsp;&nbsp;29 K\u010d<br>Voln\u00e9 minuty&nbsp;&nbsp;&nbsp;<strong>0<br><\/strong>Vol\u00e1n\u00ed v s\u00edti CallPro&nbsp;&nbsp;&nbsp;0,015 K\u010d\/s<br>(0,90 K\u010d\/min)<br>Ostatn\u00ed s\u00edt\u011b v \u010cR&nbsp;&nbsp;&nbsp;0,030 K\u010d\/s<br>(1,80 K\u010d\/min)<br>SMS&nbsp;&nbsp;&nbsp;1,25K\u010d<br>SMS v s\u00edti CallPro&nbsp;&nbsp;&nbsp;1 K\u010d<br>MMS&nbsp;&nbsp;&nbsp;5 K\u010d<br><br>  <strong>Internet<\/strong> (voliteln\u011b)<br> <strong> CallPro Bal\u00ed\u010dky<\/strong><br> <br>tarifikace 1+1 <\/p>\n<\/div>\n\n\n\n<div class=\"wp-block-column is-layout-flow wp-block-column-is-layout-flow\">\n<h3 class=\"has-text-align-center has-white-color has-vivid-cyan-blue-background-color has-text-color has-background wp-block-heading\"><strong>CallPro 100<\/strong><\/h3>\n\n\n\n<p class=\"has-text-align-center has-background\" style=\"background-color:#e4eaef\">M\u011bs\u00ed\u010dn\u00ed pau\u0161\u00e1l&nbsp;&nbsp;&nbsp;99,-K\u010d<br>Voln\u00e9 minuty&nbsp;&nbsp;&nbsp;<strong>100<br><\/strong>Voln\u00e9 SMS&nbsp;&nbsp;&nbsp;<strong>0<br><\/strong>Vol\u00e1n\u00ed v s\u00edti CallPro&nbsp;&nbsp;&nbsp;1,-&nbsp;K\u010d<br>Ostatn\u00ed s\u00edt\u011b v \u010cR&nbsp;&nbsp;&nbsp;1,80&nbsp;K\u010d<br>SMS&nbsp;&nbsp;&nbsp;1,40&nbsp;K\u010d<br>SMS v s\u00edti CallPro&nbsp;&nbsp;&nbsp;1,-&nbsp;K\u010d<br>MMS&nbsp;&nbsp;&nbsp;5,-&nbsp;K\u010d<br><br><br>  <strong>Internet<\/strong> (voliteln\u011b)<br> <strong> CallPro Bal\u00ed\u010dky<\/strong><br> <br>tarifikace 60+1 <\/p>\n<\/div>\n\n\n\n<div class=\"wp-block-column is-layout-flow wp-block-column-is-layout-flow\">\n<h3 class=\"has-text-align-center has-white-color has-vivid-cyan-blue-background-color has-text-color has-background wp-block-heading\"><strong>CallPro 200<\/strong><\/h3>\n\n\n\n<p class=\"has-text-align-center has-background\" style=\"background-color:#e4eaef\">M\u011bs\u00ed\u010dn\u00ed pau\u0161\u00e1l&nbsp;&nbsp;&nbsp;199,-K\u010d<br>Voln\u00e9 minuty&nbsp;&nbsp;&nbsp;<strong>200<br><\/strong>Voln\u00e9 SMS&nbsp;&nbsp;&nbsp;<strong>20<br><\/strong>Vol\u00e1n\u00ed v s\u00edti CallPro&nbsp;&nbsp;&nbsp;1,-&nbsp;K\u010d<br>Ostatn\u00ed s\u00edt\u011b v \u010cR&nbsp;&nbsp;&nbsp;1,80&nbsp;K\u010d<br>SMS&nbsp;&nbsp;&nbsp;1,40&nbsp;K\u010d<br>SMS v s\u00edti CallPro&nbsp;&nbsp;&nbsp;1,-&nbsp;K\u010d<br>MMS&nbsp;&nbsp;&nbsp;5,-&nbsp;K\u010d<br><br><br> <strong>Internet<\/strong> (voliteln\u011b)<br> <strong> CallPro Bal\u00ed\u010dky<\/strong><br> <br>tarifikace 60+1<\/p>\n<\/div>\n<\/div>\n\n\n\n<div class=\"wp-block-columns is-layout-flex wp-container-core-columns-is-layout-2 wp-block-columns-is-layout-flex\">\n<div class=\"wp-block-column is-layout-flow wp-block-column-is-layout-flow\">\n<h3 class=\"has-text-align-center has-white-color has-vivid-cyan-blue-background-color has-text-color has-background wp-block-heading\"><strong>CallPro 300<\/strong><\/h3>\n\n\n\n<p class=\"has-text-align-center has-background\" style=\"background-color:#e4eaef\">M\u011bs\u00ed\u010dn\u00ed pau\u0161\u00e1l&nbsp;&nbsp;&nbsp;299 K\u010d<br>Voln\u00e9 minuty&nbsp;&nbsp;&nbsp;<strong>150<br><\/strong> Voln\u00e9 SMS&nbsp;&nbsp;&nbsp;<strong>30<\/strong><br>Data  <strong>1 GB<\/strong><br><br>Vol\u00e1n\u00ed v s\u00edti CallPro&nbsp;&nbsp;&nbsp;1 K\u010d<br>Ostatn\u00ed s\u00edt\u011b v \u010cR&nbsp;&nbsp; 1,80 K\u010d<br>SMS v s\u00edti CallPro&nbsp;&nbsp;&nbsp;1 K\u010d<br>SMS&nbsp;&nbsp;&nbsp;1,40 K\u010d<br>MMS&nbsp;&nbsp;&nbsp;5 K\u010d<br><br><br>tarifikace 60+1<\/p>\n<\/div>\n\n\n\n<div class=\"wp-block-column is-layout-flow wp-block-column-is-layout-flow\">\n<h3 class=\"has-text-align-center has-white-color has-vivid-cyan-blue-background-color has-text-color has-background wp-block-heading\"><strong>CallPro 350<\/strong><\/h3>\n\n\n\n<p class=\"has-text-align-center has-background\" style=\"background-color:#e4eaef\">M\u011bs\u00ed\u010dn\u00ed pau\u0161\u00e1l&nbsp;&nbsp;&nbsp;349,-K\u010d<br>Voln\u00e9 minuty&nbsp;&nbsp;&nbsp;<strong>160<br><\/strong>Voln\u00e9 SMS&nbsp;&nbsp;&nbsp;<strong>40<\/strong><br>Data   <strong>2 GB<\/strong><br><strong><br><\/strong>Vol\u00e1n\u00ed v s\u00edti CallPro&nbsp;&nbsp;&nbsp;1,-&nbsp;K\u010d<br>Ostatn\u00ed s\u00edt\u011b v \u010cR&nbsp;&nbsp;&nbsp;1,80&nbsp;K\u010d<br>SMS v s\u00edti CallPro&nbsp;&nbsp;&nbsp;1,-&nbsp;K\u010d<br>SMS&nbsp;&nbsp;&nbsp;1,40&nbsp;K\u010d<br>MMS&nbsp;&nbsp;&nbsp;5,-&nbsp;K\u010d<br><br><br>tarifikace 60+1<\/p>\n<\/div>\n\n\n\n<div class=\"wp-block-column is-layout-flow wp-block-column-is-layout-flow\">\n<h3 class=\"has-text-align-center has-white-color has-vivid-cyan-blue-background-color has-text-color has-background wp-block-heading\"><strong>CallPro Bal\u00ed\u010dky<\/strong><\/h3>\n\n\n\n<p class=\"has-text-align-center has-background\" style=\"background-color:#e4eaef\"><strong>Bal\u00ed\u010dek\u00a0\u00a0\u00a0\u00a0cena\/m\u011bs\u00edc<\/strong><br><br>300\u00a0MB\u00a0\u00a0\u00a0\u00a0\u00a069,-\u00a0K\u010d<br>600\u00a0MB\u00a0\u00a0\u00a0\u00a0\u00a099,-\u00a0K\u010d<br>1 GB\u00a0\u00a0\u00a0\u00a0\u00a0\u00a0\u00a0\u00a0129,-\u00a0K\u010d<br>1,5\u00a0GB\u00a0\u00a0\u00a0\u00a0\u00a0159,-\u00a0K\u010d<br>2\u00a0GB\u00a0\u00a0\u00a0\u00a0\u00a0\u00a0\u00a0\u00a0189,-\u00a0K\u010d<br>3\u00a0GB\u00a0\u00a0\u00a0\u00a0\u00a0\u00a0\u00a0\u00a0229,-\u00a0K\u010d<br>6\u00a0GB\u00a0\u00a0\u00a0\u00a0\u00a0\u00a0\u00a0\u00a0319,-\u00a0K\u010d<br>10\u00a0GB\u00a0\u00a0\u00a0\u00a0\u00a0\u00a0399,-\u00a0K\u010d<br><br><br>Vol\u00e1n\u00ed v s\u00edti zdarma\u00a0\u00a0\u00a0\u00a0\u00a0129,- K\u010d<\/p>\n<\/div>\n<\/div>\n\n\n\n<div class=\"wp-block-buttons is-content-justification-center is-layout-flex wp-block-buttons-is-layout-flex\">\n<div class=\"wp-block-button has-custom-width wp-block-button__width-50 has-custom-font-size is-style-outline has-medium-font-size is-style-outline--1\"><a class=\"wp-block-button__link has-vivid-cyan-blue-color has-text-color\" href=\"https:\/\/www.callpro.cz\/?page_id=234\" style=\"border-radius:1px\"><strong>OBJEDNAT   SIM<\/strong><\/a><\/div>\n<\/div>\n\n\n\n<div style=\"height:29px\" aria-hidden=\"true\" class=\"wp-block-spacer\"><\/div>\n\n\n\n<p class=\"has-text-align-center\"><strong>CallPro Bal\u00ed\u010dky<\/strong> je mo\u017en\u00e9 si objednat k tarif\u016fm<strong> ;-), 100, 200, <\/strong>u tarif\u016f<strong> 300, 350<\/strong>,<br>kter\u00e9 ji\u017e obsahuj\u00ed data v r\u00e1mci tarifu, je mo\u017en\u00e9 bal\u00ed\u010dky pou\u017e\u00edt pro obnoven\u00ed dat v p\u0159\u00edpad\u011b jejich vy\u010derp\u00e1n\u00ed.<br><br>Slu\u017eby lze objednat jako<strong>\u00a0p\u0159edplacenou kartu\u00a0<\/strong>i jako<strong>\u00a0tarif<\/strong>\u00a0s m\u011bs\u00ed\u010dn\u00edm vy\u00fa\u010dtov\u00e1n\u00edm.\u00a0 Expirace kreditu je 12 m\u011bs\u00edc\u016f. <br><br>Voln\u00e9 minuty a SMS se p\u0159ev\u00e1d\u011bj\u00ed do dal\u0161\u00edho m\u011bs\u00edce., data se nep\u0159ev\u00e1d\u00ed. <br><br>Tyto ceny jsou platn\u00e9 od 1.5.2022 a jsou uvedeny v\u010detn\u011b DPH.<\/p>\n\n\n\n<p class=\"has-text-align-center\"><a href=\"https:\/\/www.callpro.cz\/?page_id=723\">Archiv mobiln\u00edch tarif\u016f.<\/a><\/p>\n","protected":false},"excerpt":{"rendered":"<p>NAB\u00cdDKA MOBILN\u00cdCH TARIF\u016e CallPro<\/p>\n","protected":false},"author":1,"featured_media":0,"parent":0,"menu_order":0,"comment_status":"closed","ping_status":"closed","template":"","meta":{"footnotes":""},"class_list":["post-114","page","type-page","status-publish","hentry"],"yoast_head":"<!-- This site is optimized with the Yoast SEO plugin v16.2 - https:\/\/yoast.com\/wordpress\/plugins\/seo\/ -->\n<title>Mobiln\u00ed tarify - CallPro<\/title>\n<meta name=\"description\" content=\"CallPro vol\u00e1n\u00ed mobiln\u00ed, VoIP, Internet, Televize\" \/>\n<meta name=\"robots\" content=\"index, follow, max-snippet:-1, max-image-preview:large, max-video-preview:-1\" \/>\n<link rel=\"canonical\" href=\"https:\/\/www.callpro.cz\/\" \/>\n<meta property=\"og:locale\" content=\"cs_CZ\" \/>\n<meta property=\"og:type\" content=\"article\" \/>\n<meta property=\"og:title\" content=\"Mobiln\u00ed tarify - CallPro\" \/>\n<meta property=\"og:description\" content=\"CallPro vol\u00e1n\u00ed mobiln\u00ed, VoIP, Internet, Televize\" \/>\n<meta property=\"og:url\" content=\"https:\/\/www.callpro.cz\/\" \/>\n<meta property=\"og:site_name\" content=\"CallPro\" \/>\n<meta property=\"article:modified_time\" content=\"2022-04-27T12:22:05+00:00\" \/>\n<meta property=\"og:image\" content=\"https:\/\/www.callpro.cz\/wp-content\/uploads\/2020\/11\/Pixmac000088200588-SIM.jpg\" \/>\n<meta name=\"twitter:card\" content=\"summary_large_image\" \/>\n<meta name=\"twitter:label1\" content=\"Odhadovan\u00e1 doba \u010dten\u00ed\">\n\t<meta name=\"twitter:data1\" content=\"2 minuty\">\n<script type=\"application\/ld+json\" class=\"yoast-schema-graph\">{\"@context\":\"https:\/\/schema.org\",\"@graph\":[{\"@type\":\"WebSite\",\"@id\":\"https:\/\/www.callpro.cz\/#website\",\"url\":\"https:\/\/www.callpro.cz\/\",\"name\":\"CallPro\",\"description\":\"CallPro virtu\\u00e1ln\\u00ed mobiln\\u00ed oper\\u00e1tor\",\"potentialAction\":[{\"@type\":\"SearchAction\",\"target\":\"https:\/\/www.callpro.cz\/?s={search_term_string}\",\"query-input\":\"required name=search_term_string\"}],\"inLanguage\":\"cs\"},{\"@type\":\"ImageObject\",\"@id\":\"https:\/\/www.callpro.cz\/#primaryimage\",\"inLanguage\":\"cs\",\"url\":\"https:\/\/www.callpro.cz\/wp-content\/uploads\/2020\/11\/Pixmac000088200588-SIM.jpg\",\"contentUrl\":\"https:\/\/www.callpro.cz\/wp-content\/uploads\/2020\/11\/Pixmac000088200588-SIM.jpg\",\"width\":387,\"height\":310},{\"@type\":\"WebPage\",\"@id\":\"https:\/\/www.callpro.cz\/#webpage\",\"url\":\"https:\/\/www.callpro.cz\/\",\"name\":\"Mobiln\\u00ed tarify - CallPro\",\"isPartOf\":{\"@id\":\"https:\/\/www.callpro.cz\/#website\"},\"primaryImageOfPage\":{\"@id\":\"https:\/\/www.callpro.cz\/#primaryimage\"},\"datePublished\":\"2020-11-02T12:59:26+00:00\",\"dateModified\":\"2022-04-27T12:22:05+00:00\",\"description\":\"CallPro vol\\u00e1n\\u00ed mobiln\\u00ed, VoIP, Internet, Televize\",\"breadcrumb\":{\"@id\":\"https:\/\/www.callpro.cz\/#breadcrumb\"},\"inLanguage\":\"cs\",\"potentialAction\":[{\"@type\":\"ReadAction\",\"target\":[\"https:\/\/www.callpro.cz\/\"]}]},{\"@type\":\"BreadcrumbList\",\"@id\":\"https:\/\/www.callpro.cz\/#breadcrumb\",\"itemListElement\":[{\"@type\":\"ListItem\",\"position\":1,\"item\":{\"@type\":\"WebPage\",\"@id\":\"https:\/\/www.callpro.cz\/\",\"url\":\"https:\/\/www.callpro.cz\/\",\"name\":\"Dom\\u016f\"}},{\"@type\":\"ListItem\",\"position\":2,\"item\":{\"@id\":\"https:\/\/www.callpro.cz\/#webpage\"}}]}]}<\/script>\n<!-- \/ Yoast SEO plugin. -->","_links":{"self":[{"href":"https:\/\/www.callpro.cz\/index.php?rest_route=\/wp\/v2\/pages\/114","targetHints":{"allow":["GET"]}}],"collection":[{"href":"https:\/\/www.callpro.cz\/index.php?rest_route=\/wp\/v2\/pages"}],"about":[{"href":"https:\/\/www.callpro.cz\/index.php?rest_route=\/wp\/v2\/types\/page"}],"author":[{"embeddable":true,"href":"https:\/\/www.callpro.cz\/index.php?rest_route=\/wp\/v2\/users\/1"}],"replies":[{"embeddable":true,"href":"https:\/\/www.callpro.cz\/index.php?rest_route=%2Fwp%2Fv2%2Fcomments&post=114"}],"version-history":[{"count":126,"href":"https:\/\/www.callpro.cz\/index.php?rest_route=\/wp\/v2\/pages\/114\/revisions"}],"predecessor-version":[{"id":798,"href":"https:\/\/www.callpro.cz\/index.php?rest_route=\/wp\/v2\/pages\/114\/revisions\/798"}],"wp:attachment":[{"href":"https:\/\/www.callpro.cz\/index.php?rest_route=%2Fwp%2Fv2%2Fmedia&parent=114"}],"curies":[{"name":"wp","href":"https:\/\/api.w.org\/{rel}","templated":true}]}}